{"id":104,"date":"2018-08-15T00:19:14","date_gmt":"2018-08-14T22:19:14","guid":{"rendered":"http:\/\/lp.cb.schummelschinken.de\/?page_id=104"},"modified":"2019-01-28T10:10:54","modified_gmt":"2019-01-28T09:10:54","slug":"komplett-dienstleistung","status":"publish","type":"page","link":"https:\/\/www.combusiness.de\/index.php\/kommunikation\/komplett-dienstleistung\/","title":{"rendered":"Komplett-Dienstleistung"},"content":{"rendered":"<p>[et_pb_section bb_built=&#8220;1&#8243; fullwidth=&#8220;on&#8220; _builder_version=&#8220;3.19.5&#8243; background_image=&#8220;https:\/\/www.combusiness.de\/wp-content\/uploads\/2019\/01\/rawpixel-797112-unsplash-1.jpg&#8220; parallax=&#8220;on&#8220; custom_css_main_element=&#8220;height: 500px;&#8220; next_background_color=&#8220;#ffffff&#8220;][\/et_pb_section][et_pb_section bb_built=&#8220;1&#8243; _builder_version=&#8220;3.19.5&#8243; custom_padding=&#8220;3px|0px|54px|0px|false|false&#8220; prev_background_color=&#8220;#000000&#8243; next_background_color=&#8220;#f4f4f4&#8243;][et_pb_row _builder_version=&#8220;3.19.5&#8243;][et_pb_column type=&#8220;4_4&#8243;][et_pb_text _builder_version=&#8220;3.19.5&#8243; text_font=&#8220;Montserrat|500||on|||||&#8220; text_text_color=&#8220;#595959&#8243; text_font_size=&#8220;16px&#8220; text_letter_spacing=&#8220;3px&#8220; custom_margin=&#8220;20px|||&#8220; animation_style=&#8220;slide&#8220; animation_direction=&#8220;bottom&#8220; saved_tabs=&#8220;all&#8220; locked=&#8220;off&#8220;]<\/p>\n<p>10 Berufsverb\u00e4nde, \u00fcber 70.000 Mitglieder<\/p>\n<p>[\/et_pb_text][et_pb_text _builder_version=&#8220;3.19.5&#8243; text_text_color=&#8220;#4c4c4c&#8220; header_font=&#8220;|600|||||||&#8220; header_line_height=&#8220;1.5em&#8220;]<\/p>\n<h1>Herzenssache Komplett-Dienstleistung<\/h1>\n<p>Zuverl\u00e4ssiger Service und ehrliche Beratung ist f\u00fcr uns eine Selbstverst\u00e4ndlichkeit. Wir glauben, dass Sie das von einem professionellen Anbieter in dieser Branche einfach erwarten m\u00fcssen.<\/p>\n<p>Wir wollen mit Ihnen den Weg einer fairen Partnerschaft gehen, getragen von gegenseitigem Vertrauen. Wir k\u00f6nnen nicht alles, aber das, was wir machen, das k\u00f6nnen wir sehr gut. Wir haben kein Call-Center, verbl\u00fcffend schnelle Reaktionszeiten, eine stets transparente und leicht verst\u00e4ndliche Angebotskultur und liefern keine \u201eWare von der Stange\u201c.<\/p>\n<p>[\/et_pb_text][\/et_pb_column][\/et_pb_row][\/et_pb_section][et_pb_section bb_built=&#8220;1&#8243; admin_label=&#8220;Team Member Section&#8220; disabled_on=&#8220;off|off|off&#8220; _builder_version=&#8220;3.18.9&#8243; background_color=&#8220;#f4f4f4&#8243; custom_padding=&#8220;40px||100px||false|false&#8220; prev_background_color=&#8220;#ffffff&#8220; next_background_color=&#8220;#ffffff&#8220;][et_pb_row custom_padding=&#8220;0||60px||false|false&#8220; make_equal=&#8220;on&#8220; _builder_version=&#8220;3.17.3&#8243; background_size=&#8220;initial&#8220; background_position=&#8220;top_left&#8220; background_repeat=&#8220;repeat&#8220;][et_pb_column type=&#8220;1_2&#8243;][et_pb_text _builder_version=&#8220;3.19.5&#8243; text_text_color=&#8220;#4c4c4c&#8220; text_font_size=&#8220;16px&#8220; header_font=&#8220;|600|||||||&#8220; header_line_height=&#8220;1.5em&#8220; header_3_font=&#8220;|600|||||||&#8220; header_3_font_size=&#8220;30px&#8220; custom_margin=&#8220;||70px&#8220;]<\/p>\n<h1>Wir k\u00fcmmern uns pers\u00f6nlich<\/h1>\n<ul>\n<li>proaktive Business-Beratung f\u00fcr Kommunikation und IT<\/li>\n<li>servicestarkes Vertragsmanagement Mobilfunk und Festnetz<\/li>\n<li>Direkterer Draht zu Telekommunikationsdienstleistern<\/li>\n<\/ul>\n<p>Nicht umsonst sind wir ausf\u00fchrender Service-Dienstleister f\u00fcr aktuell 10 Berufsverb\u00e4nde mit insgesamt \u00fcber 70.000 Mitgliedern.<\/p>\n<p>[\/et_pb_text][\/et_pb_column][et_pb_column type=&#8220;1_2&#8243;][et_pb_image src=&#8220;https:\/\/www.combusiness.de\/wp-content\/uploads\/2019\/01\/rawpixel-783345-unsplash-1.jpg&#8220; show_bottom_space=&#8220;off&#8220; _builder_version=&#8220;3.19.5&#8243; alt=&#8220;Komplett-Dienstleistung&#8220; title_text=&#8220;Komplett-Dienstleistung&#8220;]<\/p>\n<p><\/p>\n<p>[\/et_pb_image][\/et_pb_column][\/et_pb_row][\/et_pb_section][et_pb_section bb_built=&#8220;1&#8243; _builder_version=&#8220;3.19.5&#8243; prev_background_color=&#8220;#f4f4f4&#8243;][et_pb_row _builder_version=&#8220;3.0.48&#8243; background_size=&#8220;initial&#8220; background_position=&#8220;top_left&#8220; background_repeat=&#8220;repeat&#8220;][et_pb_column type=&#8220;4_4&#8243;][et_pb_cta button_url=&#8220;mailto:info@combusiness.de&#8220; button_text=&#8220;info@combusiness.de&#8220; _builder_version=&#8220;3.19.5&#8243; header_font_size=&#8220;30px&#8220; header_font_size_tablet=&#8220;25px&#8220; header_font_size_phone=&#8220;20px&#8220; header_font_size_last_edited=&#8220;on|desktop&#8220; header_line_height=&#8220;1.5em&#8220; custom_button=&#8220;on&#8220; button_use_icon=&#8220;off&#8220; button_text_size_phone=&#8220;13&#8243; button_text_size_last_edited=&#8220;on|phone&#8220;]<\/p>\n<h2 style=\"text-align: center;\">Einfach<\/h2>\n<h2 style=\"text-align: center;\">0208 &#8211; 45 19 300<\/h2>\n<h2 style=\"text-align: center;\">anrufen oder eine kurze Mail an:<\/h2>\n<p>[\/et_pb_cta][\/et_pb_column][\/et_pb_row][\/et_pb_section]<\/p>\n","protected":false},"excerpt":{"rendered":"<p>10 Berufsverb\u00e4nde, \u00fcber 70.000 Mitglieder Herzenssache Komplett-Dienstleistung Zuverl\u00e4ssiger Service und ehrliche Beratung ist f\u00fcr uns eine Selbstverst\u00e4ndlichkeit. Wir glauben, dass Sie das von einem professionellen Anbieter in dieser Branche einfach erwarten m\u00fcssen. Wir wollen mit Ihnen den Weg einer fairen Partnerschaft gehen, getragen von gegenseitigem Vertrauen. Wir k\u00f6nnen nicht alles, aber das, was wir machen, [&hellip;]<\/p>\n","protected":false},"author":1,"featured_media":0,"parent":85,"menu_order":0,"comment_status":"closed","ping_status":"closed","template":"","meta":{"_et_pb_use_builder":"on","_et_pb_old_content":"","_et_gb_content_width":""},"yoast_head":"<!-- This site is optimized with the Yoast SEO plugin v19.9 - https:\/\/yoast.com\/wordpress\/plugins\/seo\/ -->\n<title>Komplett-Dienstleistung aus einer Hand - ComBusiness<\/title>\n<meta name=\"description\" content=\"Zuverl\u00e4ssiger Service und ehrliche Beratung ist f\u00fcr uns eine Selbstverst\u00e4ndlichkeit. Wir glauben, dass Sie das von einem professionellen Anbieter in dieser\" \/>\n<meta name=\"robots\" content=\"index, follow, max-snippet:-1, max-image-preview:large, max-video-preview:-1\" \/>\n<link rel=\"canonical\" href=\"https:\/\/www.combusiness.de\/index.php\/kommunikation\/komplett-dienstleistung\/\" \/>\n<meta property=\"og:locale\" content=\"de_DE\" \/>\n<meta property=\"og:type\" content=\"article\" \/>\n<meta property=\"og:title\" content=\"Komplett-Dienstleistung aus einer Hand - ComBusiness\" \/>\n<meta property=\"og:description\" content=\"Zuverl\u00e4ssiger Service und ehrliche Beratung ist f\u00fcr uns eine Selbstverst\u00e4ndlichkeit. Wir glauben, dass Sie das von einem professionellen Anbieter in dieser\" \/>\n<meta property=\"og:url\" content=\"https:\/\/www.combusiness.de\/index.php\/kommunikation\/komplett-dienstleistung\/\" \/>\n<meta property=\"og:site_name\" content=\"ComBusiness\" \/>\n<meta property=\"article:modified_time\" content=\"2019-01-28T09:10:54+00:00\" \/>\n<meta name=\"twitter:card\" content=\"summary_large_image\" \/>\n<meta name=\"twitter:label1\" content=\"Gesch\u00e4tzte Lesezeit\" \/>\n\t<meta name=\"twitter:data1\" content=\"3\u00a0Minuten\" \/>\n<script type=\"application\/ld+json\" class=\"yoast-schema-graph\">{\"@context\":\"https:\/\/schema.org\",\"@graph\":[{\"@type\":\"WebPage\",\"@id\":\"https:\/\/www.combusiness.de\/index.php\/kommunikation\/komplett-dienstleistung\/\",\"url\":\"https:\/\/www.combusiness.de\/index.php\/kommunikation\/komplett-dienstleistung\/\",\"name\":\"Komplett-Dienstleistung aus einer Hand - ComBusiness\",\"isPartOf\":{\"@id\":\"https:\/\/www.combusiness.de\/#website\"},\"datePublished\":\"2018-08-14T22:19:14+00:00\",\"dateModified\":\"2019-01-28T09:10:54+00:00\",\"description\":\"Zuverl\u00e4ssiger Service und ehrliche Beratung ist f\u00fcr uns eine Selbstverst\u00e4ndlichkeit. Wir glauben, dass Sie das von einem professionellen Anbieter in dieser\",\"breadcrumb\":{\"@id\":\"https:\/\/www.combusiness.de\/index.php\/kommunikation\/komplett-dienstleistung\/#breadcrumb\"},\"inLanguage\":\"de\",\"potentialAction\":[{\"@type\":\"ReadAction\",\"target\":[\"https:\/\/www.combusiness.de\/index.php\/kommunikation\/komplett-dienstleistung\/\"]}]},{\"@type\":\"BreadcrumbList\",\"@id\":\"https:\/\/www.combusiness.de\/index.php\/kommunikation\/komplett-dienstleistung\/#breadcrumb\",\"itemListElement\":[{\"@type\":\"ListItem\",\"position\":1,\"name\":\"Startseite\",\"item\":\"https:\/\/www.combusiness.de\/\"},{\"@type\":\"ListItem\",\"position\":2,\"name\":\"Kommunikation\",\"item\":\"https:\/\/www.combusiness.de\/index.php\/kommunikation\/\"},{\"@type\":\"ListItem\",\"position\":3,\"name\":\"Komplett-Dienstleistung\"}]},{\"@type\":\"WebSite\",\"@id\":\"https:\/\/www.combusiness.de\/#website\",\"url\":\"https:\/\/www.combusiness.de\/\",\"name\":\"ComBusiness\",\"description\":\"Ihr Partner f\u00fcr Kommunikation\",\"publisher\":{\"@id\":\"https:\/\/www.combusiness.de\/#organization\"},\"potentialAction\":[{\"@type\":\"SearchAction\",\"target\":{\"@type\":\"EntryPoint\",\"urlTemplate\":\"https:\/\/www.combusiness.de\/?s={search_term_string}\"},\"query-input\":\"required name=search_term_string\"}],\"inLanguage\":\"de\"},{\"@type\":\"Organization\",\"@id\":\"https:\/\/www.combusiness.de\/#organization\",\"name\":\"ComBusiness\",\"url\":\"https:\/\/www.combusiness.de\/\",\"logo\":{\"@type\":\"ImageObject\",\"inLanguage\":\"de\",\"@id\":\"https:\/\/www.combusiness.de\/#\/schema\/logo\/image\/\",\"url\":\"https:\/\/www.combusiness.de\/wp-content\/uploads\/2018\/12\/Logo_ComBusiness-1.png\",\"contentUrl\":\"https:\/\/www.combusiness.de\/wp-content\/uploads\/2018\/12\/Logo_ComBusiness-1.png\",\"width\":493,\"height\":58,\"caption\":\"ComBusiness\"},\"image\":{\"@id\":\"https:\/\/www.combusiness.de\/#\/schema\/logo\/image\/\"}}]}<\/script>\n<!-- \/ Yoast SEO plugin. -->","yoast_head_json":{"title":"Komplett-Dienstleistung aus einer Hand - ComBusiness","description":"Zuverl\u00e4ssiger Service und ehrliche Beratung ist f\u00fcr uns eine Selbstverst\u00e4ndlichkeit. Wir glauben, dass Sie das von einem professionellen Anbieter in dieser","robots":{"index":"index","follow":"follow","max-snippet":"max-snippet:-1","max-image-preview":"max-image-preview:large","max-video-preview":"max-video-preview:-1"},"canonical":"https:\/\/www.combusiness.de\/index.php\/kommunikation\/komplett-dienstleistung\/","og_locale":"de_DE","og_type":"article","og_title":"Komplett-Dienstleistung aus einer Hand - ComBusiness","og_description":"Zuverl\u00e4ssiger Service und ehrliche Beratung ist f\u00fcr uns eine Selbstverst\u00e4ndlichkeit. Wir glauben, dass Sie das von einem professionellen Anbieter in dieser","og_url":"https:\/\/www.combusiness.de\/index.php\/kommunikation\/komplett-dienstleistung\/","og_site_name":"ComBusiness","article_modified_time":"2019-01-28T09:10:54+00:00","twitter_card":"summary_large_image","twitter_misc":{"Gesch\u00e4tzte Lesezeit":"3\u00a0Minuten"},"schema":{"@context":"https:\/\/schema.org","@graph":[{"@type":"WebPage","@id":"https:\/\/www.combusiness.de\/index.php\/kommunikation\/komplett-dienstleistung\/","url":"https:\/\/www.combusiness.de\/index.php\/kommunikation\/komplett-dienstleistung\/","name":"Komplett-Dienstleistung aus einer Hand - ComBusiness","isPartOf":{"@id":"https:\/\/www.combusiness.de\/#website"},"datePublished":"2018-08-14T22:19:14+00:00","dateModified":"2019-01-28T09:10:54+00:00","description":"Zuverl\u00e4ssiger Service und ehrliche Beratung ist f\u00fcr uns eine Selbstverst\u00e4ndlichkeit. Wir glauben, dass Sie das von einem professionellen Anbieter in dieser","breadcrumb":{"@id":"https:\/\/www.combusiness.de\/index.php\/kommunikation\/komplett-dienstleistung\/#breadcrumb"},"inLanguage":"de","potentialAction":[{"@type":"ReadAction","target":["https:\/\/www.combusiness.de\/index.php\/kommunikation\/komplett-dienstleistung\/"]}]},{"@type":"BreadcrumbList","@id":"https:\/\/www.combusiness.de\/index.php\/kommunikation\/komplett-dienstleistung\/#breadcrumb","itemListElement":[{"@type":"ListItem","position":1,"name":"Startseite","item":"https:\/\/www.combusiness.de\/"},{"@type":"ListItem","position":2,"name":"Kommunikation","item":"https:\/\/www.combusiness.de\/index.php\/kommunikation\/"},{"@type":"ListItem","position":3,"name":"Komplett-Dienstleistung"}]},{"@type":"WebSite","@id":"https:\/\/www.combusiness.de\/#website","url":"https:\/\/www.combusiness.de\/","name":"ComBusiness","description":"Ihr Partner f\u00fcr Kommunikation","publisher":{"@id":"https:\/\/www.combusiness.de\/#organization"},"potentialAction":[{"@type":"SearchAction","target":{"@type":"EntryPoint","urlTemplate":"https:\/\/www.combusiness.de\/?s={search_term_string}"},"query-input":"required name=search_term_string"}],"inLanguage":"de"},{"@type":"Organization","@id":"https:\/\/www.combusiness.de\/#organization","name":"ComBusiness","url":"https:\/\/www.combusiness.de\/","logo":{"@type":"ImageObject","inLanguage":"de","@id":"https:\/\/www.combusiness.de\/#\/schema\/logo\/image\/","url":"https:\/\/www.combusiness.de\/wp-content\/uploads\/2018\/12\/Logo_ComBusiness-1.png","contentUrl":"https:\/\/www.combusiness.de\/wp-content\/uploads\/2018\/12\/Logo_ComBusiness-1.png","width":493,"height":58,"caption":"ComBusiness"},"image":{"@id":"https:\/\/www.combusiness.de\/#\/schema\/logo\/image\/"}}]}},"_links":{"self":[{"href":"https:\/\/www.combusiness.de\/index.php\/wp-json\/wp\/v2\/pages\/104"}],"collection":[{"href":"https:\/\/www.combusiness.de\/index.php\/wp-json\/wp\/v2\/pages"}],"about":[{"href":"https:\/\/www.combusiness.de\/index.php\/wp-json\/wp\/v2\/types\/page"}],"author":[{"embeddable":true,"href":"https:\/\/www.combusiness.de\/index.php\/wp-json\/wp\/v2\/users\/1"}],"replies":[{"embeddable":true,"href":"https:\/\/www.combusiness.de\/index.php\/wp-json\/wp\/v2\/comments?post=104"}],"version-history":[{"count":52,"href":"https:\/\/www.combusiness.de\/index.php\/wp-json\/wp\/v2\/pages\/104\/revisions"}],"predecessor-version":[{"id":1964,"href":"https:\/\/www.combusiness.de\/index.php\/wp-json\/wp\/v2\/pages\/104\/revisions\/1964"}],"up":[{"embeddable":true,"href":"https:\/\/www.combusiness.de\/index.php\/wp-json\/wp\/v2\/pages\/85"}],"wp:attachment":[{"href":"https:\/\/www.combusiness.de\/index.php\/wp-json\/wp\/v2\/media?parent=104"}],"curies":[{"name":"wp","href":"https:\/\/api.w.org\/{rel}","templated":true}]}}