{"id":1086,"date":"2018-12-17T16:15:44","date_gmt":"2018-12-17T15:15:44","guid":{"rendered":"http:\/\/lp.cb.schummelschinken.de\/?page_id=1086"},"modified":"2019-01-28T09:57:12","modified_gmt":"2019-01-28T08:57:12","slug":"elektronikversicherung","status":"publish","type":"page","link":"https:\/\/www.combusiness.de\/index.php\/elektronikversicherung\/","title":{"rendered":"Elektronikversicherung"},"content":{"rendered":"<p>[et_pb_section bb_built=&#8220;1&#8243; admin_label=&#8220;About Us Section&#8220; _builder_version=&#8220;3.19.5&#8243; background_image=&#8220;https:\/\/www.combusiness.de\/wp-content\/uploads\/2019\/01\/Header.jpg&#8220; parallax=&#8220;on&#8220; box_shadow_style=&#8220;preset7&#8243; box_shadow_horizontal=&#8220;0px&#8220; box_shadow_vertical=&#8220;-80px&#8220; box_shadow_color=&#8220;#ffffff&#8220; custom_margin=&#8220;0px|||&#8220; custom_margin_phone=&#8220;|0px||0px&#8220; custom_margin_last_edited=&#8220;on|desktop&#8220; animation_style=&#8220;zoom&#8220; animation_direction=&#8220;top&#8220; animation_intensity_zoom=&#8220;5%&#8220; custom_css_main_element=&#8220;min-height:500px;&#8220; next_background_color=&#8220;#ffffff&#8220;][\/et_pb_section][et_pb_section bb_built=&#8220;1&#8243; _builder_version=&#8220;3.0.47&#8243; custom_padding=&#8220;0|0px|54px|0px|false|false&#8220; prev_background_color=&#8220;#000000&#8243; next_background_color=&#8220;#f4f4f4&#8243;][et_pb_row _builder_version=&#8220;3.0.48&#8243; background_size=&#8220;initial&#8220; background_position=&#8220;top_left&#8220; background_repeat=&#8220;repeat&#8220;][et_pb_column type=&#8220;4_4&#8243;][et_pb_text _builder_version=&#8220;3.19.5&#8243; text_font=&#8220;Montserrat|500||on|||||&#8220; text_text_color=&#8220;#595959&#8243; text_font_size=&#8220;16px&#8220; text_letter_spacing=&#8220;3px&#8220; custom_margin=&#8220;20px|||&#8220; animation_style=&#8220;slide&#8220; animation_direction=&#8220;bottom&#8220; locked=&#8220;off&#8220; saved_tabs=&#8220;all&#8220;]<\/p>\n<p>B\u00fcro- und Kommunikationstechnik gesch\u00fctzt<\/p>\n<p>[\/et_pb_text][et_pb_text _builder_version=&#8220;3.19.5&#8243; header_font=&#8220;|600|||||||&#8220; header_line_height=&#8220;1.5em&#8220; text_text_color=&#8220;#4c4c4c&#8220; header_font_size_phone=&#8220;20px&#8220; header_font_size_last_edited=&#8220;on|phone&#8220;]<\/p>\n<h1>Elektronikversicherung f\u00fcr Gesch\u00e4ftskunden<\/h1>\n<p>Feuer, Wasser, Diebstahl, Bedienungsfehler &#8211; schnell k\u00f6nnen erhebliche Sch\u00e4den an Anlagen und Ger\u00e4ten der Kommunikations- und B\u00fcrotechnik entstehen. Um Sie vor den finanziellen Konsequenzen zu bewahren, hat ComBusiness mit Assmann Versicherungsmakler ein Konzept f\u00fcr Ihr Rundum-Sorglos-Paket entwickelt.<\/p>\n<p>[\/et_pb_text][\/et_pb_column][\/et_pb_row][\/et_pb_section][et_pb_section bb_built=&#8220;1&#8243; admin_label=&#8220;Team Member Section&#8220; disabled_on=&#8220;off|off|off&#8220; _builder_version=&#8220;3.18.9&#8243; background_color=&#8220;#f4f4f4&#8243; custom_padding=&#8220;40px||80px||false|false&#8220; prev_background_color=&#8220;#ffffff&#8220; next_background_color=&#8220;#ffffff&#8220;][et_pb_row custom_padding=&#8220;0||60px||false|false&#8220; make_equal=&#8220;on&#8220; _builder_version=&#8220;3.17.3&#8243; background_size=&#8220;initial&#8220; background_position=&#8220;top_left&#8220; background_repeat=&#8220;repeat&#8220;][et_pb_column type=&#8220;1_2&#8243;][et_pb_text _builder_version=&#8220;3.19.5&#8243; text_font_size=&#8220;16px&#8220; header_font=&#8220;|300|||||||&#8220; header_3_font=&#8220;|600|||||||&#8220; header_3_font_size=&#8220;30px&#8220; header_3_line_height=&#8220;1.5em&#8220; custom_margin=&#8220;||70px&#8220; text_text_color=&#8220;#4c4c4c&#8220; header_3_font_size_phone=&#8220;20px&#8220; header_3_font_size_last_edited=&#8220;on|phone&#8220;]<\/p>\n<h3>Ihre gesamte B\u00fcro- und Kommunikationstechnik gesch\u00fctzt<\/h3>\n<p>Laptops, Notebooks, Tablets, Smartphones, Medien- &amp; Pr\u00e4sentationstechnik, Beamer, Kopierer, Telefonanlagen, Fax, Router, Daten- &amp; Netzwerktechnik f\u00fcr PCs &amp; Drucker etc., Zeiterfassungsger\u00e4te, Klima-, Alarm- &amp; Videoanlagen, Kaffeevollautomaten, elektr. Kassen &amp; Waagen, Digitalkameras, Mobile Navigationsger\u00e4te \u2026 Ausgenommen sind Wearables wie Smartwatches, Smartglasses, Activity Tracker wie Schrittz\u00e4hler etc.<\/p>\n<p>[\/et_pb_text][\/et_pb_column][et_pb_column type=&#8220;1_2&#8243;][et_pb_image src=&#8220;https:\/\/www.combusiness.de\/wp-content\/uploads\/2018\/09\/ComBusiness_Externer-Datenschutzbeauftragter.jpg&#8220; show_bottom_space=&#8220;off&#8220; _builder_version=&#8220;3.19.5&#8243; custom_margin=&#8220;||20px&#8220; alt=&#8220;Elektronikversicherung&#8220; title_text=&#8220;Elektronikversicherung&#8220;]<\/p>\n<p>[\/et_pb_image][\/et_pb_column][\/et_pb_row][\/et_pb_section][et_pb_section bb_built=&#8220;1&#8243; admin_label=&#8220;Team Member Section&#8220; disabled_on=&#8220;off|off|off&#8220; _builder_version=&#8220;3.18.9&#8243; custom_margin=&#8220;5px||0px&#8220; custom_padding=&#8220;24px||0px||false|false&#8220; prev_background_color=&#8220;#f4f4f4&#8243; next_background_color=&#8220;#f4f4f4&#8243;][et_pb_row custom_padding=&#8220;22px|0px|23.9333px|0px|false|false&#8220; make_equal=&#8220;on&#8220; _builder_version=&#8220;3.17.3&#8243; background_size=&#8220;initial&#8220; background_position=&#8220;top_left&#8220; background_repeat=&#8220;repeat&#8220;][et_pb_column type=&#8220;1_2&#8243;][et_pb_text _builder_version=&#8220;3.19.5&#8243; text_font_size=&#8220;16px&#8220; header_font=&#8220;|600|||||||&#8220; header_line_height=&#8220;1.5em&#8220; header_3_font=&#8220;|600|||||||&#8220; header_3_font_size=&#8220;30px&#8220; custom_margin=&#8220;||70px&#8220; text_text_color=&#8220;#4c4c4c&#8220;]<\/p>\n<h1>Versicherte Gefahren<\/h1>\n<ul>\n<li>Feuer, Wasser, Feuchtigkeit, Frost, Eisgang, \u00dcberschwemmung, Sturm einschl. Hagel<\/li>\n<li>Einfacher Diebstahl, Einbruchdiebstahl einschl.Vandalismus nach einem Raub\/Einbruch<\/li>\n<li>Bedienungsfehler, Ungeschicklichkeit, Vorsatz Dritter<\/li>\n<li>Konstruktions-, Material-, Ausf\u00fchrungsfehler<\/li>\n<li>Kurzschluss, \u00dcberstrom, \u00dcberspannung<\/li>\n<\/ul>\n<p>[\/et_pb_text][\/et_pb_column][et_pb_column type=&#8220;1_2&#8243;][et_pb_text _builder_version=&#8220;3.19.5&#8243; text_font_size=&#8220;16px&#8220; header_font=&#8220;|300|||||||&#8220; header_3_font=&#8220;|600|||||||&#8220; header_3_font_size=&#8220;30px&#8220; custom_margin=&#8220;||70px&#8220; text_text_color=&#8220;#4c4c4c&#8220;]<\/p>\n<p>&nbsp;<\/p>\n<p>Schon ab:<\/p>\n<p><span style=\"font-size: xx-large;\"><span style=\"color: #e02b20;\"><strong>117,81 Euro<\/strong><\/span><\/span><\/p>\n<p><span style=\"font-size: small;\">pro Jahr inkl. Versicherungssteuer und schadensabh\u00e4ngigem Nachlass*<\/span><\/p>\n<p><a href=\"https:\/\/www.combusiness.de\/wp-content\/uploads\/2019\/01\/Flyer_E_Versicherung.pdf\" target=\"_blank\" rel=\"noopener\"><span style=\"font-size: medium;\">Angebot als PDF downlpaden<\/span><\/a><\/p>\n<p>[\/et_pb_text][\/et_pb_column][\/et_pb_row][\/et_pb_section][et_pb_section bb_built=&#8220;1&#8243; _builder_version=&#8220;3.18.9&#8243; background_color=&#8220;#f4f4f4&#8243; custom_padding=&#8220;10px||20px&#8220; prev_background_color=&#8220;#ffffff&#8220; next_background_color=&#8220;#ffffff&#8220;][et_pb_row _builder_version=&#8220;3.0.48&#8243; background_size=&#8220;initial&#8220; background_position=&#8220;top_left&#8220; background_repeat=&#8220;repeat&#8220;][et_pb_column type=&#8220;4_4&#8243;][et_pb_text _builder_version=&#8220;3.19.5&#8243; header_font=&#8220;|600|||||||&#8220; header_line_height=&#8220;1.5em&#8220; text_text_color=&#8220;#4c4c4c&#8220; header_font_size_phone=&#8220;25px&#8220; header_font_size_last_edited=&#8220;on|phone&#8220;]<\/p>\n<h1>Elektronikversicherung f\u00fcr Gesch\u00e4ftskunden<\/h1>\n<p>&nbsp;<span style=\"color: #000000;\">Versicherungssummen: <\/span><\/p>\n<p><span style=\"color: #000000;\">75.000 \u20ac Hardware \/\/ 20.000 \u20ac Datenversicherung inkl. Softwareversicherung<\/span><\/p>\n<ul>\n<li>Genereller Selbstbehalt von 120 \u20ac<\/li>\n<li>Selbstbehalt bei Entwendung von Lizenzsteckern (Dongle) 10%, mindestens 120 \u20ac<\/li>\n<li>Selbstbehalt bei Diebstahl von mobil genutzten Sachen 10%, mindestens 120 \u20ac<\/li>\n<li>Versicherungssumme f\u00fcr mobil mitgef\u00fchrte Elektronik 20% der Versicherungssumme (15.000 \u20ac)<\/li>\n<\/ul>\n<p>Die Prozents\u00e4tze beim Selbstbehalt beziehen sich auf die Schadensumme gem\u00e4\u00df Reparaturrechnung oder Rechnung der Wiederanschaffung.<\/p>\n<p>[\/et_pb_text][\/et_pb_column][\/et_pb_row][\/et_pb_section][et_pb_section bb_built=&#8220;1&#8243; _builder_version=&#8220;3.0.47&#8243; prev_background_color=&#8220;#f4f4f4&#8243; next_background_color=&#8220;#000000&#8243;][et_pb_row _builder_version=&#8220;3.0.48&#8243; background_size=&#8220;initial&#8220; background_position=&#8220;top_left&#8220; background_repeat=&#8220;repeat&#8220;][et_pb_column type=&#8220;1_2&#8243;][et_pb_blurb title=&#8220;Leistungen&#8220; _builder_version=&#8220;3.19.5&#8243; header_font=&#8220;|700|||||||&#8220; background_color=&#8220;#eaeaea&#8220; border_radii=&#8220;on|2px|2px|2px|2px&#8220; border_width_top=&#8220;5px&#8220; border_color_top=&#8220;#82251d&#8220; custom_padding=&#8220;30px|15px|10px|15px&#8220; body_text_color=&#8220;#4c4c4c&#8220;]<\/p>\n<div class=\"et_pb_blurb_description\">\n<ul>\n<li data-pm-slice=\"1 1 []\">Erstattung der Reparaturkosten bei Besch\u00e4digung.<\/li>\n<li data-pm-slice=\"1 1 []\">Bei Totalschaden: Erstattung der Aufwendungen f\u00fcr eine technisch gleichwertige Ausstattung<\/li>\n<\/ul>\n<p><strong>Versicherungsort<\/strong><\/p>\n<p>Geltungsbereich der EU.<\/p>\n<\/div>\n<p>[\/et_pb_blurb][\/et_pb_column][et_pb_column type=&#8220;1_2&#8243;][et_pb_blurb title=&#8220;* Schadenabh\u00e4ngiger Nachlass&#8220; _builder_version=&#8220;3.19.5&#8243; header_font=&#8220;|700|||||||&#8220; background_color=&#8220;#eaeaea&#8220; border_radii=&#8220;on|2px|2px|2px|2px&#8220; border_width_top=&#8220;5px&#8220; border_color_top=&#8220;#82251d&#8220; custom_padding=&#8220;30px|10px|15px|10px&#8220; body_text_color=&#8220;#4c4c4c&#8220;]<\/p>\n<p>Der Beitrag beinhaltet einen schadenabh\u00e4ngigen Nachlass von <strong>30,00 %<\/strong>. Dieser schadenabh\u00e4ngige Nachlass wird gew\u00e4hrt, solange die Schadenquote gezahlte und reservierte Sch\u00e4den zu tats\u00e4chlich gezahltem Beitrag von<strong> 60,00 %<\/strong> nicht erreicht wird.<\/p>\n<p>Erreicht oder \u00fcbersteigt die Schadenquote <strong>60,00 %<\/strong>, so entf\u00e4llt ab n\u00e4chster F\u00e4lligkeit dieser Nachlass. Bleibt die Schadenquote des Vertrags unter <strong>60,00 %<\/strong>, so wird der schadenabh\u00e4ngige Nachlass erneut ab n\u00e4chster F\u00e4lligkeit gew\u00e4hrt.<\/p>\n<p>[\/et_pb_blurb][\/et_pb_column][\/et_pb_row][\/et_pb_section][et_pb_section bb_built=&#8220;1&#8243; _builder_version=&#8220;3.19.5&#8243; prev_background_color=&#8220;#000000&#8243;][et_pb_row _builder_version=&#8220;3.0.48&#8243; background_size=&#8220;initial&#8220; background_position=&#8220;top_left&#8220; background_repeat=&#8220;repeat&#8220;][et_pb_column type=&#8220;4_4&#8243;][et_pb_cta button_url=&#8220;mailto:info@combusiness.de&#8220; button_text=&#8220;info@combusiness.de&#8220; _builder_version=&#8220;3.19.5&#8243; header_font_size=&#8220;29px&#8220; header_font_size_tablet=&#8220;25px&#8220; header_font_size_phone=&#8220;20px&#8220; header_font_size_last_edited=&#8220;on|phone&#8220; header_line_height=&#8220;1.5em&#8220; custom_button=&#8220;on&#8220; button_use_icon=&#8220;off&#8220; button_text_size_phone=&#8220;13&#8243; button_text_size_last_edited=&#8220;on|phone&#8220;]<\/p>\n<h2 style=\"text-align: center;\">Einfach<\/h2>\n<h2 style=\"text-align: center;\">0208 &#8211; 45 19 300<\/h2>\n<h2 style=\"text-align: center;\">anrufen oder eine kurze Mail an:<\/h2>\n<p>[\/et_pb_cta][\/et_pb_column][\/et_pb_row][\/et_pb_section]<\/p>\n","protected":false},"excerpt":{"rendered":"<p>B\u00fcro- und Kommunikationstechnik gesch\u00fctzt Elektronikversicherung f\u00fcr Gesch\u00e4ftskundenFeuer, Wasser, Diebstahl, Bedienungsfehler &#8211; schnell k\u00f6nnen erhebliche Sch\u00e4den an Anlagen und Ger\u00e4ten der Kommunikations- und B\u00fcrotechnik entstehen. Um Sie vor den finanziellen Konsequenzen zu bewahren, hat ComBusiness mit Assmann Versicherungsmakler ein Konzept f\u00fcr Ihr Rundum-Sorglos-Paket entwickelt. Ihre gesamte B\u00fcro- und Kommunikationstechnik gesch\u00fctzt Laptops, Notebooks, Tablets, Smartphones, Medien- &amp; [&hellip;]<\/p>\n","protected":false},"author":4,"featured_media":0,"parent":0,"menu_order":0,"comment_status":"closed","ping_status":"closed","template":"","meta":{"_et_pb_use_builder":"on","_et_pb_old_content":"","_et_gb_content_width":""},"yoast_head":"<!-- This site is optimized with the Yoast SEO plugin v19.9 - https:\/\/yoast.com\/wordpress\/plugins\/seo\/ -->\n<title>Elektronikversicherung f\u00fcr Gesch\u00e4ftskunden - ComBusiness<\/title>\n<meta name=\"description\" content=\"Feuer, Wasser, Diebstahl, Bedienungsfehler \u2013 schnell k\u00f6nnen erhebliche Sch\u00e4den an Anlagen und Ger\u00e4ten der Kommunikations- und B\u00fcrotechnik entstehen.\" \/>\n<meta name=\"robots\" content=\"index, follow, max-snippet:-1, max-image-preview:large, max-video-preview:-1\" \/>\n<link rel=\"canonical\" href=\"https:\/\/www.combusiness.de\/index.php\/elektronikversicherung\/\" \/>\n<meta property=\"og:locale\" content=\"de_DE\" \/>\n<meta property=\"og:type\" content=\"article\" \/>\n<meta property=\"og:title\" content=\"Elektronikversicherung f\u00fcr Gesch\u00e4ftskunden - ComBusiness\" \/>\n<meta property=\"og:description\" content=\"Feuer, Wasser, Diebstahl, Bedienungsfehler \u2013 schnell k\u00f6nnen erhebliche Sch\u00e4den an Anlagen und Ger\u00e4ten der Kommunikations- und B\u00fcrotechnik entstehen.\" \/>\n<meta property=\"og:url\" content=\"https:\/\/www.combusiness.de\/index.php\/elektronikversicherung\/\" \/>\n<meta property=\"og:site_name\" content=\"ComBusiness\" \/>\n<meta property=\"article:modified_time\" content=\"2019-01-28T08:57:12+00:00\" \/>\n<meta name=\"twitter:card\" content=\"summary_large_image\" \/>\n<meta name=\"twitter:label1\" content=\"Gesch\u00e4tzte Lesezeit\" \/>\n\t<meta name=\"twitter:data1\" content=\"6\u00a0Minuten\" \/>\n<script type=\"application\/ld+json\" class=\"yoast-schema-graph\">{\"@context\":\"https:\/\/schema.org\",\"@graph\":[{\"@type\":\"WebPage\",\"@id\":\"https:\/\/www.combusiness.de\/index.php\/elektronikversicherung\/\",\"url\":\"https:\/\/www.combusiness.de\/index.php\/elektronikversicherung\/\",\"name\":\"Elektronikversicherung f\u00fcr Gesch\u00e4ftskunden - ComBusiness\",\"isPartOf\":{\"@id\":\"https:\/\/www.combusiness.de\/#website\"},\"datePublished\":\"2018-12-17T15:15:44+00:00\",\"dateModified\":\"2019-01-28T08:57:12+00:00\",\"description\":\"Feuer, Wasser, Diebstahl, Bedienungsfehler \u2013 schnell k\u00f6nnen erhebliche Sch\u00e4den an Anlagen und Ger\u00e4ten der Kommunikations- und B\u00fcrotechnik entstehen.\",\"breadcrumb\":{\"@id\":\"https:\/\/www.combusiness.de\/index.php\/elektronikversicherung\/#breadcrumb\"},\"inLanguage\":\"de\",\"potentialAction\":[{\"@type\":\"ReadAction\",\"target\":[\"https:\/\/www.combusiness.de\/index.php\/elektronikversicherung\/\"]}]},{\"@type\":\"BreadcrumbList\",\"@id\":\"https:\/\/www.combusiness.de\/index.php\/elektronikversicherung\/#breadcrumb\",\"itemListElement\":[{\"@type\":\"ListItem\",\"position\":1,\"name\":\"Startseite\",\"item\":\"https:\/\/www.combusiness.de\/\"},{\"@type\":\"ListItem\",\"position\":2,\"name\":\"Elektronikversicherung\"}]},{\"@type\":\"WebSite\",\"@id\":\"https:\/\/www.combusiness.de\/#website\",\"url\":\"https:\/\/www.combusiness.de\/\",\"name\":\"ComBusiness\",\"description\":\"Ihr Partner f\u00fcr Kommunikation\",\"publisher\":{\"@id\":\"https:\/\/www.combusiness.de\/#organization\"},\"potentialAction\":[{\"@type\":\"SearchAction\",\"target\":{\"@type\":\"EntryPoint\",\"urlTemplate\":\"https:\/\/www.combusiness.de\/?s={search_term_string}\"},\"query-input\":\"required name=search_term_string\"}],\"inLanguage\":\"de\"},{\"@type\":\"Organization\",\"@id\":\"https:\/\/www.combusiness.de\/#organization\",\"name\":\"ComBusiness\",\"url\":\"https:\/\/www.combusiness.de\/\",\"logo\":{\"@type\":\"ImageObject\",\"inLanguage\":\"de\",\"@id\":\"https:\/\/www.combusiness.de\/#\/schema\/logo\/image\/\",\"url\":\"https:\/\/www.combusiness.de\/wp-content\/uploads\/2018\/12\/Logo_ComBusiness-1.png\",\"contentUrl\":\"https:\/\/www.combusiness.de\/wp-content\/uploads\/2018\/12\/Logo_ComBusiness-1.png\",\"width\":493,\"height\":58,\"caption\":\"ComBusiness\"},\"image\":{\"@id\":\"https:\/\/www.combusiness.de\/#\/schema\/logo\/image\/\"}}]}<\/script>\n<!-- \/ Yoast SEO plugin. -->","yoast_head_json":{"title":"Elektronikversicherung f\u00fcr Gesch\u00e4ftskunden - ComBusiness","description":"Feuer, Wasser, Diebstahl, Bedienungsfehler \u2013 schnell k\u00f6nnen erhebliche Sch\u00e4den an Anlagen und Ger\u00e4ten der Kommunikations- und B\u00fcrotechnik entstehen.","robots":{"index":"index","follow":"follow","max-snippet":"max-snippet:-1","max-image-preview":"max-image-preview:large","max-video-preview":"max-video-preview:-1"},"canonical":"https:\/\/www.combusiness.de\/index.php\/elektronikversicherung\/","og_locale":"de_DE","og_type":"article","og_title":"Elektronikversicherung f\u00fcr Gesch\u00e4ftskunden - ComBusiness","og_description":"Feuer, Wasser, Diebstahl, Bedienungsfehler \u2013 schnell k\u00f6nnen erhebliche Sch\u00e4den an Anlagen und Ger\u00e4ten der Kommunikations- und B\u00fcrotechnik entstehen.","og_url":"https:\/\/www.combusiness.de\/index.php\/elektronikversicherung\/","og_site_name":"ComBusiness","article_modified_time":"2019-01-28T08:57:12+00:00","twitter_card":"summary_large_image","twitter_misc":{"Gesch\u00e4tzte Lesezeit":"6\u00a0Minuten"},"schema":{"@context":"https:\/\/schema.org","@graph":[{"@type":"WebPage","@id":"https:\/\/www.combusiness.de\/index.php\/elektronikversicherung\/","url":"https:\/\/www.combusiness.de\/index.php\/elektronikversicherung\/","name":"Elektronikversicherung f\u00fcr Gesch\u00e4ftskunden - ComBusiness","isPartOf":{"@id":"https:\/\/www.combusiness.de\/#website"},"datePublished":"2018-12-17T15:15:44+00:00","dateModified":"2019-01-28T08:57:12+00:00","description":"Feuer, Wasser, Diebstahl, Bedienungsfehler \u2013 schnell k\u00f6nnen erhebliche Sch\u00e4den an Anlagen und Ger\u00e4ten der Kommunikations- und B\u00fcrotechnik entstehen.","breadcrumb":{"@id":"https:\/\/www.combusiness.de\/index.php\/elektronikversicherung\/#breadcrumb"},"inLanguage":"de","potentialAction":[{"@type":"ReadAction","target":["https:\/\/www.combusiness.de\/index.php\/elektronikversicherung\/"]}]},{"@type":"BreadcrumbList","@id":"https:\/\/www.combusiness.de\/index.php\/elektronikversicherung\/#breadcrumb","itemListElement":[{"@type":"ListItem","position":1,"name":"Startseite","item":"https:\/\/www.combusiness.de\/"},{"@type":"ListItem","position":2,"name":"Elektronikversicherung"}]},{"@type":"WebSite","@id":"https:\/\/www.combusiness.de\/#website","url":"https:\/\/www.combusiness.de\/","name":"ComBusiness","description":"Ihr Partner f\u00fcr Kommunikation","publisher":{"@id":"https:\/\/www.combusiness.de\/#organization"},"potentialAction":[{"@type":"SearchAction","target":{"@type":"EntryPoint","urlTemplate":"https:\/\/www.combusiness.de\/?s={search_term_string}"},"query-input":"required name=search_term_string"}],"inLanguage":"de"},{"@type":"Organization","@id":"https:\/\/www.combusiness.de\/#organization","name":"ComBusiness","url":"https:\/\/www.combusiness.de\/","logo":{"@type":"ImageObject","inLanguage":"de","@id":"https:\/\/www.combusiness.de\/#\/schema\/logo\/image\/","url":"https:\/\/www.combusiness.de\/wp-content\/uploads\/2018\/12\/Logo_ComBusiness-1.png","contentUrl":"https:\/\/www.combusiness.de\/wp-content\/uploads\/2018\/12\/Logo_ComBusiness-1.png","width":493,"height":58,"caption":"ComBusiness"},"image":{"@id":"https:\/\/www.combusiness.de\/#\/schema\/logo\/image\/"}}]}},"_links":{"self":[{"href":"https:\/\/www.combusiness.de\/index.php\/wp-json\/wp\/v2\/pages\/1086"}],"collection":[{"href":"https:\/\/www.combusiness.de\/index.php\/wp-json\/wp\/v2\/pages"}],"about":[{"href":"https:\/\/www.combusiness.de\/index.php\/wp-json\/wp\/v2\/types\/page"}],"author":[{"embeddable":true,"href":"https:\/\/www.combusiness.de\/index.php\/wp-json\/wp\/v2\/users\/4"}],"replies":[{"embeddable":true,"href":"https:\/\/www.combusiness.de\/index.php\/wp-json\/wp\/v2\/comments?post=1086"}],"version-history":[{"count":41,"href":"https:\/\/www.combusiness.de\/index.php\/wp-json\/wp\/v2\/pages\/1086\/revisions"}],"predecessor-version":[{"id":1962,"href":"https:\/\/www.combusiness.de\/index.php\/wp-json\/wp\/v2\/pages\/1086\/revisions\/1962"}],"wp:attachment":[{"href":"https:\/\/www.combusiness.de\/index.php\/wp-json\/wp\/v2\/media?parent=1086"}],"curies":[{"name":"wp","href":"https:\/\/api.w.org\/{rel}","templated":true}]}}