{"id":122,"date":"2018-08-15T00:20:39","date_gmt":"2018-08-14T22:20:39","guid":{"rendered":"http:\/\/lp.cb.schummelschinken.de\/?page_id=122"},"modified":"2019-01-28T10:14:28","modified_gmt":"2019-01-28T09:14:28","slug":"webseiten-apps","status":"publish","type":"page","link":"https:\/\/www.combusiness.de\/index.php\/kommunikation\/webseiten-apps\/","title":{"rendered":"Webseiten &#038; Apps"},"content":{"rendered":"<p>[et_pb_section bb_built=&#8220;1&#8243; admin_label=&#8220;About Us Section&#8220; _builder_version=&#8220;3.19.5&#8243; background_image=&#8220;https:\/\/www.combusiness.de\/wp-content\/uploads\/2019\/01\/freestocks-org-540554-unsplash.jpg&#8220; custom_margin=&#8220;|||&#8220; custom_margin_phone=&#8220;|0px||0px&#8220; custom_margin_last_edited=&#8220;on|desktop&#8220; animation_direction=&#8220;top&#8220; hover_enabled=&#8220;0&#8243; custom_css_main_element=&#8220;height: 500px;&#8220; custom_padding=&#8220;||||false|false&#8220; next_background_color=&#8220;#ffffff&#8220; background_position=&#8220;bottom_center&#8220; parallax=&#8220;on&#8220;][\/et_pb_section][et_pb_section bb_built=&#8220;1&#8243; _builder_version=&#8220;3.17.3&#8243; custom_padding=&#8220;4px|0px|54px|0px|false|false&#8220; prev_background_color=&#8220;#000000&#8243; next_background_color=&#8220;#f4f4f4&#8243;][et_pb_row _builder_version=&#8220;3.0.48&#8243; background_size=&#8220;initial&#8220; background_position=&#8220;top_left&#8220; background_repeat=&#8220;repeat&#8220;][et_pb_column type=&#8220;4_4&#8243;][et_pb_text _builder_version=&#8220;3.19.5&#8243; text_font=&#8220;Montserrat|500||on|||||&#8220; text_text_color=&#8220;#595959&#8243; text_font_size=&#8220;16px&#8220; text_letter_spacing=&#8220;3px&#8220; custom_margin=&#8220;20px|||&#8220; animation_style=&#8220;slide&#8220; animation_direction=&#8220;bottom&#8220; locked=&#8220;off&#8220; saved_tabs=&#8220;all&#8220;]<\/p>\n<p>Gehen Sie den entscheidenden Schritt voraus<\/p>\n<p>[\/et_pb_text][et_pb_text _builder_version=&#8220;3.19.5&#8243; header_font=&#8220;|600|||||||&#8220; header_line_height=&#8220;1.5em&#8220; text_text_color=&#8220;#4c4c4c&#8220;]<\/p>\n<h1>Webseiten &amp; Apps<\/h1>\n<p>Smartphones und Tablets geh\u00f6ren immer mehr zum Alltag. Es wird mittlerweile allgemein vorausgesetzt, dass sich Webseiten daran anpassen. Doch f\u00fcr spezielle Anwendungen reicht dieses \u201cResponsive Design\u201d nicht aus. Als digitale Dienstleister am Puls der Zeit bieten wir auch daf\u00fcr eine L\u00f6sung \u2013 mit individuell f\u00fcr die Bed\u00fcrfnisse kleiner und mittelst\u00e4ndischer Unternehmen erstellten Webseiten und Apps \u2013 f\u00fcr Smartphone und Tablet, iOS und Android.<\/p>\n<p>[\/et_pb_text][\/et_pb_column][\/et_pb_row][\/et_pb_section][et_pb_section bb_built=&#8220;1&#8243; admin_label=&#8220;Team Member Section&#8220; disabled_on=&#8220;off|off|off&#8220; _builder_version=&#8220;3.17.3&#8243; background_color=&#8220;#f4f4f4&#8243; custom_padding=&#8220;70px||100px||false|false&#8220; prev_background_color=&#8220;#ffffff&#8220; next_background_color=&#8220;#ffffff&#8220;][et_pb_row custom_padding=&#8220;0||60px||false|false&#8220; make_equal=&#8220;on&#8220; _builder_version=&#8220;3.17.3&#8243; background_size=&#8220;initial&#8220; background_position=&#8220;top_left&#8220; background_repeat=&#8220;repeat&#8220;][et_pb_column type=&#8220;1_2&#8243;][et_pb_text _builder_version=&#8220;3.19.5&#8243; text_font_size=&#8220;16px&#8220; header_font=&#8220;|300|||||||&#8220; header_3_font=&#8220;|600|||||||&#8220; header_3_font_size=&#8220;30px&#8220; custom_margin=&#8220;||70px&#8220; text_text_color=&#8220;#4c4c4c&#8220;]<\/p>\n<p><strong>Wir entwickeln Webseiten, Online-Shops und Apps mit Erlebnischarakter, State of the Art-Technologie und Liebe zum Detail.<\/strong><\/p>\n<p><strong>Erfahrung<\/strong><\/p>\n<p>Zahlreiche Web- und App Projekte f\u00fcr gro\u00dfe Marken, Berufsverb\u00e4nde und Kunden aus dem Mittelstand.<\/p>\n<p><strong>Moderne Entwicklung<\/strong><\/p>\n<p>Durch die Anwendung der aktuellster Web-Technologien entfalten Ihre Botschaften volle Wirkung.<\/p>\n<p><strong>Mehrwert und Qualtit\u00e4t<\/strong><\/p>\n<p>\u00dcberzeugendes Webdesign und professionelle Texte sichern verkaufsstarke Auftritte.<\/p>\n<p><strong>Marken-Verst\u00e4ndnis<\/strong><\/p>\n<p>Wir inszenieren business-to-business und business-to-consumer Erlebnisse aus einem Guss.<\/p>\n<p>[\/et_pb_text][\/et_pb_column][et_pb_column type=&#8220;1_2&#8243;][et_pb_image src=&#8220;https:\/\/www.combusiness.de\/wp-content\/uploads\/2019\/01\/austin-chan-275638-unsplash-2.jpg&#8220; show_bottom_space=&#8220;off&#8220; _builder_version=&#8220;3.19.5&#8243; alt=&#8220;Webseiten &#038; Apps&#8220; title_text=&#8220;Webseiten &#038; Apps&#8220; \/][\/et_pb_column][\/et_pb_row][\/et_pb_section][et_pb_section bb_built=&#8220;1&#8243; _builder_version=&#8220;3.19.5&#8243; prev_background_color=&#8220;#f4f4f4&#8243;][et_pb_row _builder_version=&#8220;3.0.48&#8243; background_size=&#8220;initial&#8220; background_position=&#8220;top_left&#8220; background_repeat=&#8220;repeat&#8220;][et_pb_column type=&#8220;4_4&#8243;][et_pb_cta button_url=&#8220;mailto:info@combusiness.de&#8220; button_text=&#8220;info@combusiness.de&#8220; _builder_version=&#8220;3.19.5&#8243; header_font_size=&#8220;29px&#8220; header_font_size_tablet=&#8220;25px&#8220; header_font_size_phone=&#8220;20px&#8220; header_font_size_last_edited=&#8220;on|phone&#8220; header_line_height=&#8220;1.5em&#8220; custom_button=&#8220;on&#8220; button_text_size_phone=&#8220;13&#8243; button_text_size_last_edited=&#8220;on|phone&#8220; button_use_icon=&#8220;off&#8220;]<\/p>\n<h2 style=\"text-align: center;\">Einfach<\/h2>\n<h2 style=\"text-align: center;\">0208 &#8211; 45 19 300<\/h2>\n<h2 style=\"text-align: center;\">anrufen oder eine kurze Mail an:<\/h2>\n<p>[\/et_pb_cta][\/et_pb_column][\/et_pb_row][\/et_pb_section]<\/p>\n","protected":false},"excerpt":{"rendered":"<p>Gehen Sie den entscheidenden Schritt voraus Webseiten &amp; AppsSmartphones und Tablets geh\u00f6ren immer mehr zum Alltag. Es wird mittlerweile allgemein vorausgesetzt, dass sich Webseiten daran anpassen. Doch f\u00fcr spezielle Anwendungen reicht dieses \u201cResponsive Design\u201d nicht aus. Als digitale Dienstleister am Puls der Zeit bieten wir auch daf\u00fcr eine L\u00f6sung \u2013 mit individuell f\u00fcr die Bed\u00fcrfnisse [&hellip;]<\/p>\n","protected":false},"author":1,"featured_media":0,"parent":85,"menu_order":0,"comment_status":"closed","ping_status":"closed","template":"","meta":{"_et_pb_use_builder":"on","_et_pb_old_content":"","_et_gb_content_width":""},"yoast_head":"<!-- This site is optimized with the Yoast SEO plugin v19.9 - https:\/\/yoast.com\/wordpress\/plugins\/seo\/ -->\n<title>Webseiten &amp; Apps - Einen entscheidenden Schritt voraus - ComBusiness<\/title>\n<meta name=\"description\" content=\"Smartphones und Tablets geh\u00f6ren immer mehr zum Alltag. Es wird mittlerweile allgemein vorausgesetzt, dass sich Webseiten &amp; Apps daran anpassen.\" \/>\n<meta name=\"robots\" content=\"index, follow, max-snippet:-1, max-image-preview:large, max-video-preview:-1\" \/>\n<link rel=\"canonical\" href=\"https:\/\/www.combusiness.de\/index.php\/kommunikation\/webseiten-apps\/\" \/>\n<meta property=\"og:locale\" content=\"de_DE\" \/>\n<meta property=\"og:type\" content=\"article\" \/>\n<meta property=\"og:title\" content=\"Webseiten &amp; Apps - Einen entscheidenden Schritt voraus - ComBusiness\" \/>\n<meta property=\"og:description\" content=\"Smartphones und Tablets geh\u00f6ren immer mehr zum Alltag. Es wird mittlerweile allgemein vorausgesetzt, dass sich Webseiten &amp; Apps daran anpassen.\" \/>\n<meta property=\"og:url\" content=\"https:\/\/www.combusiness.de\/index.php\/kommunikation\/webseiten-apps\/\" \/>\n<meta property=\"og:site_name\" content=\"ComBusiness\" \/>\n<meta property=\"article:modified_time\" content=\"2019-01-28T09:14:28+00:00\" \/>\n<meta name=\"twitter:card\" content=\"summary_large_image\" \/>\n<meta name=\"twitter:label1\" content=\"Gesch\u00e4tzte Lesezeit\" \/>\n\t<meta name=\"twitter:data1\" content=\"3\u00a0Minuten\" \/>\n<script type=\"application\/ld+json\" class=\"yoast-schema-graph\">{\"@context\":\"https:\/\/schema.org\",\"@graph\":[{\"@type\":\"WebPage\",\"@id\":\"https:\/\/www.combusiness.de\/index.php\/kommunikation\/webseiten-apps\/\",\"url\":\"https:\/\/www.combusiness.de\/index.php\/kommunikation\/webseiten-apps\/\",\"name\":\"Webseiten & Apps - Einen entscheidenden Schritt voraus - ComBusiness\",\"isPartOf\":{\"@id\":\"https:\/\/www.combusiness.de\/#website\"},\"datePublished\":\"2018-08-14T22:20:39+00:00\",\"dateModified\":\"2019-01-28T09:14:28+00:00\",\"description\":\"Smartphones und Tablets geh\u00f6ren immer mehr zum Alltag. Es wird mittlerweile allgemein vorausgesetzt, dass sich Webseiten & Apps daran anpassen.\",\"breadcrumb\":{\"@id\":\"https:\/\/www.combusiness.de\/index.php\/kommunikation\/webseiten-apps\/#breadcrumb\"},\"inLanguage\":\"de\",\"potentialAction\":[{\"@type\":\"ReadAction\",\"target\":[\"https:\/\/www.combusiness.de\/index.php\/kommunikation\/webseiten-apps\/\"]}]},{\"@type\":\"BreadcrumbList\",\"@id\":\"https:\/\/www.combusiness.de\/index.php\/kommunikation\/webseiten-apps\/#breadcrumb\",\"itemListElement\":[{\"@type\":\"ListItem\",\"position\":1,\"name\":\"Startseite\",\"item\":\"https:\/\/www.combusiness.de\/\"},{\"@type\":\"ListItem\",\"position\":2,\"name\":\"Kommunikation\",\"item\":\"https:\/\/www.combusiness.de\/index.php\/kommunikation\/\"},{\"@type\":\"ListItem\",\"position\":3,\"name\":\"Webseiten &#038; Apps\"}]},{\"@type\":\"WebSite\",\"@id\":\"https:\/\/www.combusiness.de\/#website\",\"url\":\"https:\/\/www.combusiness.de\/\",\"name\":\"ComBusiness\",\"description\":\"Ihr Partner f\u00fcr Kommunikation\",\"publisher\":{\"@id\":\"https:\/\/www.combusiness.de\/#organization\"},\"potentialAction\":[{\"@type\":\"SearchAction\",\"target\":{\"@type\":\"EntryPoint\",\"urlTemplate\":\"https:\/\/www.combusiness.de\/?s={search_term_string}\"},\"query-input\":\"required name=search_term_string\"}],\"inLanguage\":\"de\"},{\"@type\":\"Organization\",\"@id\":\"https:\/\/www.combusiness.de\/#organization\",\"name\":\"ComBusiness\",\"url\":\"https:\/\/www.combusiness.de\/\",\"logo\":{\"@type\":\"ImageObject\",\"inLanguage\":\"de\",\"@id\":\"https:\/\/www.combusiness.de\/#\/schema\/logo\/image\/\",\"url\":\"https:\/\/www.combusiness.de\/wp-content\/uploads\/2018\/12\/Logo_ComBusiness-1.png\",\"contentUrl\":\"https:\/\/www.combusiness.de\/wp-content\/uploads\/2018\/12\/Logo_ComBusiness-1.png\",\"width\":493,\"height\":58,\"caption\":\"ComBusiness\"},\"image\":{\"@id\":\"https:\/\/www.combusiness.de\/#\/schema\/logo\/image\/\"}}]}<\/script>\n<!-- \/ Yoast SEO plugin. -->","yoast_head_json":{"title":"Webseiten & Apps - Einen entscheidenden Schritt voraus - ComBusiness","description":"Smartphones und Tablets geh\u00f6ren immer mehr zum Alltag. Es wird mittlerweile allgemein vorausgesetzt, dass sich Webseiten & Apps daran anpassen.","robots":{"index":"index","follow":"follow","max-snippet":"max-snippet:-1","max-image-preview":"max-image-preview:large","max-video-preview":"max-video-preview:-1"},"canonical":"https:\/\/www.combusiness.de\/index.php\/kommunikation\/webseiten-apps\/","og_locale":"de_DE","og_type":"article","og_title":"Webseiten & Apps - Einen entscheidenden Schritt voraus - ComBusiness","og_description":"Smartphones und Tablets geh\u00f6ren immer mehr zum Alltag. Es wird mittlerweile allgemein vorausgesetzt, dass sich Webseiten & Apps daran anpassen.","og_url":"https:\/\/www.combusiness.de\/index.php\/kommunikation\/webseiten-apps\/","og_site_name":"ComBusiness","article_modified_time":"2019-01-28T09:14:28+00:00","twitter_card":"summary_large_image","twitter_misc":{"Gesch\u00e4tzte Lesezeit":"3\u00a0Minuten"},"schema":{"@context":"https:\/\/schema.org","@graph":[{"@type":"WebPage","@id":"https:\/\/www.combusiness.de\/index.php\/kommunikation\/webseiten-apps\/","url":"https:\/\/www.combusiness.de\/index.php\/kommunikation\/webseiten-apps\/","name":"Webseiten & Apps - Einen entscheidenden Schritt voraus - ComBusiness","isPartOf":{"@id":"https:\/\/www.combusiness.de\/#website"},"datePublished":"2018-08-14T22:20:39+00:00","dateModified":"2019-01-28T09:14:28+00:00","description":"Smartphones und Tablets geh\u00f6ren immer mehr zum Alltag. Es wird mittlerweile allgemein vorausgesetzt, dass sich Webseiten & Apps daran anpassen.","breadcrumb":{"@id":"https:\/\/www.combusiness.de\/index.php\/kommunikation\/webseiten-apps\/#breadcrumb"},"inLanguage":"de","potentialAction":[{"@type":"ReadAction","target":["https:\/\/www.combusiness.de\/index.php\/kommunikation\/webseiten-apps\/"]}]},{"@type":"BreadcrumbList","@id":"https:\/\/www.combusiness.de\/index.php\/kommunikation\/webseiten-apps\/#breadcrumb","itemListElement":[{"@type":"ListItem","position":1,"name":"Startseite","item":"https:\/\/www.combusiness.de\/"},{"@type":"ListItem","position":2,"name":"Kommunikation","item":"https:\/\/www.combusiness.de\/index.php\/kommunikation\/"},{"@type":"ListItem","position":3,"name":"Webseiten &#038; Apps"}]},{"@type":"WebSite","@id":"https:\/\/www.combusiness.de\/#website","url":"https:\/\/www.combusiness.de\/","name":"ComBusiness","description":"Ihr Partner f\u00fcr Kommunikation","publisher":{"@id":"https:\/\/www.combusiness.de\/#organization"},"potentialAction":[{"@type":"SearchAction","target":{"@type":"EntryPoint","urlTemplate":"https:\/\/www.combusiness.de\/?s={search_term_string}"},"query-input":"required name=search_term_string"}],"inLanguage":"de"},{"@type":"Organization","@id":"https:\/\/www.combusiness.de\/#organization","name":"ComBusiness","url":"https:\/\/www.combusiness.de\/","logo":{"@type":"ImageObject","inLanguage":"de","@id":"https:\/\/www.combusiness.de\/#\/schema\/logo\/image\/","url":"https:\/\/www.combusiness.de\/wp-content\/uploads\/2018\/12\/Logo_ComBusiness-1.png","contentUrl":"https:\/\/www.combusiness.de\/wp-content\/uploads\/2018\/12\/Logo_ComBusiness-1.png","width":493,"height":58,"caption":"ComBusiness"},"image":{"@id":"https:\/\/www.combusiness.de\/#\/schema\/logo\/image\/"}}]}},"_links":{"self":[{"href":"https:\/\/www.combusiness.de\/index.php\/wp-json\/wp\/v2\/pages\/122"}],"collection":[{"href":"https:\/\/www.combusiness.de\/index.php\/wp-json\/wp\/v2\/pages"}],"about":[{"href":"https:\/\/www.combusiness.de\/index.php\/wp-json\/wp\/v2\/types\/page"}],"author":[{"embeddable":true,"href":"https:\/\/www.combusiness.de\/index.php\/wp-json\/wp\/v2\/users\/1"}],"replies":[{"embeddable":true,"href":"https:\/\/www.combusiness.de\/index.php\/wp-json\/wp\/v2\/comments?post=122"}],"version-history":[{"count":86,"href":"https:\/\/www.combusiness.de\/index.php\/wp-json\/wp\/v2\/pages\/122\/revisions"}],"predecessor-version":[{"id":1965,"href":"https:\/\/www.combusiness.de\/index.php\/wp-json\/wp\/v2\/pages\/122\/revisions\/1965"}],"up":[{"embeddable":true,"href":"https:\/\/www.combusiness.de\/index.php\/wp-json\/wp\/v2\/pages\/85"}],"wp:attachment":[{"href":"https:\/\/www.combusiness.de\/index.php\/wp-json\/wp\/v2\/media?parent=122"}],"curies":[{"name":"wp","href":"https:\/\/api.w.org\/{rel}","templated":true}]}}