{"id":125,"date":"2018-08-15T00:23:29","date_gmt":"2018-08-14T22:23:29","guid":{"rendered":"http:\/\/lp.cb.schummelschinken.de\/?page_id=125"},"modified":"2022-06-21T17:44:51","modified_gmt":"2022-06-21T15:44:51","slug":"services-fuer-verbaende","status":"publish","type":"page","link":"https:\/\/www.combusiness.de\/index.php\/verbaende\/services-fuer-verbaende\/","title":{"rendered":"Services f\u00fcr Verb\u00e4nde"},"content":{"rendered":"<p>[et_pb_section fb_built=&#8220;1&#8243; admin_label=&#8220;About Us Section&#8220; _builder_version=&#8220;3.22&#8243; background_image=&#8220;https:\/\/www.combusiness.de\/wp-content\/uploads\/2019\/01\/rawpixel-983726-unsplash-1.jpg&#8220; parallax=&#8220;on&#8220; custom_margin_tablet=&#8220;&#8220; custom_margin_phone=&#8220;|0px||0px&#8220; custom_margin_last_edited=&#8220;on|desktop&#8220; animation_style=&#8220;zoom&#8220; animation_direction=&#8220;top&#8220; animation_intensity_zoom=&#8220;5%&#8220; custom_css_main_element=&#8220;min-height:500px;&#8220; box_shadow_style=&#8220;preset7&#8243; box_shadow_horizontal=&#8220;0px&#8220; box_shadow_vertical=&#8220;-80px&#8220; box_shadow_color=&#8220;#ffffff&#8220;][et_pb_row admin_label=&#8220;About Us Area&#8220; _builder_version=&#8220;3.25&#8243; background_size=&#8220;initial&#8220; background_position=&#8220;top_left&#8220; background_repeat=&#8220;repeat&#8220; custom_padding=&#8220;27px|0px|0px|0px&#8220; column_structure=&#8220;2_3,1_3&#8243;][et_pb_column type=&#8220;2_3&#8243; _builder_version=&#8220;3.25&#8243; custom_padding=&#8220;|||&#8220; custom_padding__hover=&#8220;|||&#8220;][\/et_pb_column][et_pb_column type=&#8220;1_3&#8243; _builder_version=&#8220;3.25&#8243; custom_padding=&#8220;|||&#8220; custom_padding__hover=&#8220;|||&#8220;][\/et_pb_column][\/et_pb_row][\/et_pb_section][et_pb_section fb_built=&#8220;1&#8243; _builder_version=&#8220;3.22&#8243; custom_padding=&#8220;0|0px|54px|0px|false|false&#8220;][et_pb_row _builder_version=&#8220;3.25&#8243; background_size=&#8220;initial&#8220; background_position=&#8220;top_left&#8220; background_repeat=&#8220;repeat&#8220;][et_pb_column type=&#8220;4_4&#8243; _builder_version=&#8220;3.25&#8243; custom_padding=&#8220;|||&#8220; custom_padding__hover=&#8220;|||&#8220;][et_pb_text _builder_version=&#8220;3.27.4&#8243; text_font=&#8220;Montserrat|500||on|||||&#8220; text_text_color=&#8220;#595959&#8243; text_font_size=&#8220;16px&#8220; text_letter_spacing=&#8220;3px&#8220; custom_margin=&#8220;20px|||&#8220; animation_style=&#8220;slide&#8220; animation_direction=&#8220;bottom&#8220; saved_tabs=&#8220;all&#8220; locked=&#8220;off&#8220;]<\/p>\n<p>Innovative Wege der Mitgliedergewinnung und Bindung<\/p>\n<p>[\/et_pb_text][et_pb_text _builder_version=&#8220;3.27.4&#8243; text_text_color=&#8220;#4c4c4c&#8220; header_font=&#8220;|600|||||||&#8220; header_line_height=&#8220;1.5em&#8220;]<\/p>\n<h1>Services f\u00fcr Verb\u00e4nde<\/h1>\n<p><span style=\"font-size: 16px;\">L\u00e4ngst konkurrieren nicht nur andere Verb\u00e4nde um die Gunst Ihrer Mitglieder, auch Agenturen, spezialisierte Anwaltskanzleien und andere Dienstleister dr\u00e4ngen auf den Markt und mischen kr\u00e4ftig mit.<\/span><\/p>\n<p>Erfolgreichen Verb\u00e4nden gelingt es, mit neuen Ideen und Konzepten die durch den Wandel ver\u00e4nderten Interessen seiner Mitglieder zu wecken und zu befriedigen sowie insbesondere junge Neumitglieder zu werben.<\/p>\n<p>[\/et_pb_text][\/et_pb_column][\/et_pb_row][\/et_pb_section][et_pb_section fb_built=&#8220;1&#8243; disabled_on=&#8220;off|off|off&#8220; admin_label=&#8220;Team Member Section&#8220; _builder_version=&#8220;3.22&#8243; background_color=&#8220;#f4f4f4&#8243;][et_pb_row admin_label=&#8220;Service Section Title&#8220; _builder_version=&#8220;3.25&#8243; background_size=&#8220;initial&#8220; background_position=&#8220;top_left&#8220; background_repeat=&#8220;repeat&#8220; custom_margin=&#8220;||40px|&#8220; animation_style=&#8220;fade&#8220; animation_direction=&#8220;top&#8220; saved_tabs=&#8220;all&#8220;][et_pb_column type=&#8220;4_4&#8243; _builder_version=&#8220;3.25&#8243; custom_padding=&#8220;|||&#8220; custom_padding__hover=&#8220;|||&#8220;][et_pb_text admin_label=&#8220;Title&#8220; _builder_version=&#8220;3.27.4&#8243; text_font=&#8220;Montserrat||||||||&#8220; text_text_color=&#8220;#747d88&#8243; text_font_size=&#8220;16px&#8220; text_line_height=&#8220;1.9em&#8220; header_font=&#8220;|600|||||||&#8220; header_line_height=&#8220;1.5em&#8220; header_2_font=&#8220;Montserrat|700||on|||||&#8220; header_2_text_color=&#8220;#353740&#8243; header_2_font_size=&#8220;32px&#8220; header_2_line_height=&#8220;1.3em&#8220; background_size=&#8220;initial&#8220; background_position=&#8220;top_left&#8220; background_repeat=&#8220;repeat&#8220; text_orientation=&#8220;center&#8220; max_width=&#8220;700px&#8220; module_alignment=&#8220;center&#8220; animation_style=&#8220;slide&#8220; animation_direction=&#8220;bottom&#8220; animation_intensity_slide=&#8220;4%&#8220;]<\/p>\n<h1>Wenn sich Ihre Mitglieder fragen<\/h1>\n<p>[\/et_pb_text][\/et_pb_column][\/et_pb_row][et_pb_row _builder_version=&#8220;3.25&#8243; custom_padding=&#8220;27px|0px||0px&#8220; column_structure=&#8220;1_3,1_3,1_3&#8243;][et_pb_column type=&#8220;1_3&#8243; _builder_version=&#8220;3.25&#8243; custom_padding=&#8220;|||&#8220; custom_padding__hover=&#8220;|||&#8220;][et_pb_blurb title=&#8220;Was bekomme ich f\u00fcr meinen Mitgliedsbeitrag?&#8220; use_icon=&#8220;on&#8220; font_icon=&#8220;%%84%%&#8220; use_circle=&#8220;on&#8220; circle_color=&#8220;rgba(0,0,0,0)&#8220; use_icon_font_size=&#8220;on&#8220; icon_font_size=&#8220;60px&#8220; _builder_version=&#8220;3.19.5&#8243; header_text_align=&#8220;center&#8220; header_font_size=&#8220;25px&#8220; header_line_height=&#8220;1.5em&#8220; body_text_color=&#8220;#4c4c4c&#8220; animation=&#8220;left&#8220;][\/et_pb_blurb][\/et_pb_column][et_pb_column type=&#8220;1_3&#8243; _builder_version=&#8220;3.25&#8243; custom_padding=&#8220;|||&#8220; custom_padding__hover=&#8220;|||&#8220;][et_pb_blurb title=&#8220;Welche Vorteile habe ich, was kann ich sparen?&#8220; use_icon=&#8220;on&#8220; font_icon=&#8220;%%84%%&#8220; use_icon_font_size=&#8220;on&#8220; icon_font_size=&#8220;120px&#8220; _builder_version=&#8220;3.19.5&#8243; header_text_align=&#8220;center&#8220; header_font_size=&#8220;25px&#8220; header_line_height=&#8220;1.5em&#8220;][\/et_pb_blurb][\/et_pb_column][et_pb_column type=&#8220;1_3&#8243; _builder_version=&#8220;3.25&#8243; custom_padding=&#8220;|||&#8220; custom_padding__hover=&#8220;|||&#8220;][et_pb_blurb title=&#8220;Kann der Verband als Dienstleister nicht mehr f\u00fcr mich tun?&#8220; use_icon=&#8220;on&#8220; font_icon=&#8220;%%84%%&#8220; _builder_version=&#8220;3.17.3&#8243; header_font=&#8220;||||||||&#8220; header_text_align=&#8220;center&#8220; header_font_size=&#8220;25px&#8220; header_line_height=&#8220;1.5em&#8220; animation=&#8220;right&#8220;]<\/p>\n<p>[\/et_pb_blurb][\/et_pb_column][\/et_pb_row][\/et_pb_section][et_pb_section fb_built=&#8220;1&#8243; _builder_version=&#8220;3.22&#8243;][et_pb_row _builder_version=&#8220;3.25&#8243; background_size=&#8220;initial&#8220; background_position=&#8220;top_left&#8220; background_repeat=&#8220;repeat&#8220; custom_padding=&#8220;0||60px||false|false&#8220; column_structure=&#8220;1_2,1_2&#8243;][et_pb_column type=&#8220;1_2&#8243; _builder_version=&#8220;3.25&#8243; custom_padding=&#8220;|||&#8220; custom_padding__hover=&#8220;|||&#8220;][et_pb_text _builder_version=&#8220;4.4.5&#8243; text_text_color=&#8220;#4c4c4c&#8220; header_font=&#8220;|600|||||||&#8220; header_line_height=&#8220;1.5em&#8220; header_3_font=&#8220;|600|||||||&#8220; header_3_font_size=&#8220;25px&#8220; header_3_line_height=&#8220;1.5em&#8220; hover_enabled=&#8220;0&#8243;]<\/p>\n<h1>Kostenoptimierung Business-Telefonie<\/h1>\n<p>Unsere K\u00f6nigsdisziplin: Wir sorgen f\u00fcr mehr Nutzen und weniger Kosten bei Festnetz &amp; Mobilfunk, beraten zu betriebsgerechter Hard- und Software, erstellen proaktiv Optimierungsvorschl\u00e4ge und haben als Telekom-Vertriebspartner Zugriff auf top Tarife und Angebote.<\/p>\n<ul>\n<li>Detaillierte Rechnungsanalyse mit Aufzeigen von Einsparpotenzialen und Nutzenoptimierungen<\/li>\n<li>Koordination aller notwendigen Ma\u00dfnahmen<\/li>\n<li>\u00dcbernahme von Formalit\u00e4ten und \u201eZettelkrieg\u201c<\/li>\n<li>Rufnummern-Portierungen bei Anbieterwechsel<\/li>\n<li>Beratung zur Kombination Festnetz und Mobil,<\/li>\n<li>Hard- &amp; Software, IP-Telefonanlagen uvm.<\/li>\n<\/ul>\n<p><strong>Das alles als pers\u00f6nlicher Managed Service.<\/strong><\/p>\n<p>[\/et_pb_text][\/et_pb_column][et_pb_column type=&#8220;1_2&#8243; _builder_version=&#8220;3.25&#8243; custom_padding=&#8220;|||&#8220; custom_padding__hover=&#8220;|||&#8220;][et_pb_image src=&#8220;https:\/\/www.combusiness.de\/wp-content\/uploads\/2019\/01\/rawpixel-665368-unsplash-2.jpg&#8220; alt=&#8220;Services f\u00fcr Verb\u00e4nde&#8220; title_text=&#8220;Services f\u00fcr Verb\u00e4nde&#8220; align_tablet=&#8220;center&#8220; align_last_edited=&#8220;on|desktop&#8220; _builder_version=&#8220;3.23&#8243;]<\/p>\n<p>[\/et_pb_image][\/et_pb_column][\/et_pb_row][\/et_pb_section][et_pb_section fb_built=&#8220;1&#8243; _builder_version=&#8220;3.22&#8243; background_color=&#8220;#f4f4f4&#8243;][et_pb_row _builder_version=&#8220;3.25&#8243; column_structure=&#8220;1_2,1_2&#8243;][et_pb_column type=&#8220;1_2&#8243; _builder_version=&#8220;3.25&#8243; custom_padding=&#8220;|||&#8220; custom_padding__hover=&#8220;|||&#8220;][et_pb_image src=&#8220;https:\/\/www.combusiness.de\/wp-content\/uploads\/2019\/01\/rawpixel-648563-unsplash-1.jpg&#8220; alt=&#8220;Services f\u00fcr Verb\u00e4nde&#8220; title_text=&#8220;Services f\u00fcr Verb\u00e4nde&#8220; align_tablet=&#8220;center&#8220; align_last_edited=&#8220;on|desktop&#8220; _builder_version=&#8220;3.23&#8243;]<\/p>\n<p>[\/et_pb_image][\/et_pb_column][et_pb_column type=&#8220;1_2&#8243; _builder_version=&#8220;3.25&#8243; custom_padding=&#8220;|||&#8220; custom_padding__hover=&#8220;|||&#8220;][et_pb_text _builder_version=&#8220;3.27.4&#8243; text_text_color=&#8220;#4c4c4c&#8220; header_font=&#8220;|600|||||||&#8220; header_line_height=&#8220;1.5em&#8220; header_3_font=&#8220;|600|||||||&#8220; header_3_font_size=&#8220;25px&#8220; header_3_line_height=&#8220;1.5em&#8220;]<\/p>\n<h1>Gratis f\u00fcr Sie: Workshop + Potenzial-Analyse<\/h1>\n<p>Wir analysieren Ihre derzeitige Situation und erarbeiten mit Ihnen ein nach Ihren Bed\u00fcrfnissen angepasstes Konzept f\u00fcr Ihren Vorteilsclub.<\/p>\n<p><strong>Themen und Inhalte:<\/strong><\/p>\n<ul>\n<li>Digitale Markenbildung f\u00fcr Au\u00dfendarstellung und Wirkung<\/li>\n<li>Erfolgsfaktor Transparenz versus \u201eVereinsgekl\u00fcngel\u201c<\/li>\n<li>Strategien zur Mitglieder- und Nachwuchsgewinnung, Handlungsempfehlungen f\u00fcr Mehrwertangebote wie Wikis, Newsletter, Social-Media-Aktionen, Videos, Mitgliedermagazin, Veranstaltungen<\/li>\n<li>Image- und Attraktivit\u00e4tsteigerung in Aus- und Fortbildung<\/li>\n<\/ul>\n<p>Einfach anrufen und Wunschtermin nennen! Wir kommen bundesweit zu Ihnen. Zeitaufwand 3 \u2013 4 h, kostenfrei, Ergebnisse sofort.<\/p>\n<p>[\/et_pb_text][\/et_pb_column][\/et_pb_row][\/et_pb_section][et_pb_section fb_built=&#8220;1&#8243; _builder_version=&#8220;3.22&#8243;][et_pb_row _builder_version=&#8220;3.25&#8243; background_size=&#8220;initial&#8220; background_position=&#8220;top_left&#8220; background_repeat=&#8220;repeat&#8220;][et_pb_column type=&#8220;4_4&#8243; _builder_version=&#8220;3.25&#8243; custom_padding=&#8220;|||&#8220; custom_padding__hover=&#8220;|||&#8220;][et_pb_cta button_url=&#8220;mailto:verbaende@combusiness.de&#8220; button_text=&#8220;verbaende@combusiness.de&#8220; _builder_version=&#8220;3.19.5&#8243; header_font_size=&#8220;30px&#8220; header_line_height=&#8220;1.5em&#8220; custom_button=&#8220;on&#8220; header_font_size_tablet=&#8220;&#8220; header_font_size_phone=&#8220;20px&#8220; header_font_size_last_edited=&#8220;on|desktop&#8220; button_text_size_tablet=&#8220;&#8220; button_text_size_phone=&#8220;12&#8243; button_text_size_last_edited=&#8220;on|phone&#8220;]<\/p>\n<h2 style=\"text-align: center;\">Einfach<\/h2>\n<h2 style=\"text-align: center;\">0208 &#8211; 45 19 300<\/h2>\n<h2 style=\"text-align: center;\">anrufen oder eine kurze Mail an:<\/h2>\n<p>[\/et_pb_cta][\/et_pb_column][\/et_pb_row][\/et_pb_section]<\/p>\n","protected":false},"excerpt":{"rendered":"<p>Innovative Wege der Mitgliedergewinnung und Bindung Services f\u00fcr Verb\u00e4ndeL\u00e4ngst konkurrieren nicht nur andere Verb\u00e4nde um die Gunst Ihrer Mitglieder, auch Agenturen, spezialisierte Anwaltskanzleien und andere Dienstleister dr\u00e4ngen auf den Markt und mischen kr\u00e4ftig mit.Erfolgreichen Verb\u00e4nden gelingt es, mit neuen Ideen und Konzepten die durch den Wandel ver\u00e4nderten Interessen seiner Mitglieder zu wecken und zu befriedigen [&hellip;]<\/p>\n","protected":false},"author":1,"featured_media":0,"parent":89,"menu_order":0,"comment_status":"closed","ping_status":"closed","template":"","meta":{"_et_pb_use_builder":"on","_et_pb_old_content":"","_et_gb_content_width":""},"yoast_head":"<!-- This site is optimized with the Yoast SEO plugin v19.9 - https:\/\/yoast.com\/wordpress\/plugins\/seo\/ -->\n<title>Services f\u00fcr Verb\u00e4nde - innovative Wege der Mitgliedergewinnung<\/title>\n<meta name=\"description\" content=\"L\u00e4ngst konkurrieren nicht nur andere Verb\u00e4nde um die Gunst Ihrer Mitglieder, auch Agenturen, spezialisierte Anwaltskanzleien und andere Dienstleister\" \/>\n<meta name=\"robots\" content=\"index, follow, max-snippet:-1, max-image-preview:large, max-video-preview:-1\" \/>\n<link rel=\"canonical\" href=\"https:\/\/www.combusiness.de\/index.php\/verbaende\/services-fuer-verbaende\/\" \/>\n<meta property=\"og:locale\" content=\"de_DE\" \/>\n<meta property=\"og:type\" content=\"article\" \/>\n<meta property=\"og:title\" content=\"Services f\u00fcr Verb\u00e4nde - innovative Wege der Mitgliedergewinnung\" \/>\n<meta property=\"og:description\" content=\"L\u00e4ngst konkurrieren nicht nur andere Verb\u00e4nde um die Gunst Ihrer Mitglieder, auch Agenturen, spezialisierte Anwaltskanzleien und andere Dienstleister\" \/>\n<meta property=\"og:url\" content=\"https:\/\/www.combusiness.de\/index.php\/verbaende\/services-fuer-verbaende\/\" \/>\n<meta property=\"og:site_name\" content=\"ComBusiness\" \/>\n<meta property=\"article:modified_time\" content=\"2022-06-21T15:44:51+00:00\" \/>\n<meta name=\"twitter:card\" content=\"summary_large_image\" \/>\n<meta name=\"twitter:label1\" content=\"Gesch\u00e4tzte Lesezeit\" \/>\n\t<meta name=\"twitter:data1\" content=\"6\u00a0Minuten\" \/>\n<script type=\"application\/ld+json\" class=\"yoast-schema-graph\">{\"@context\":\"https:\/\/schema.org\",\"@graph\":[{\"@type\":\"WebPage\",\"@id\":\"https:\/\/www.combusiness.de\/index.php\/verbaende\/services-fuer-verbaende\/\",\"url\":\"https:\/\/www.combusiness.de\/index.php\/verbaende\/services-fuer-verbaende\/\",\"name\":\"Services f\u00fcr Verb\u00e4nde - innovative Wege der Mitgliedergewinnung\",\"isPartOf\":{\"@id\":\"https:\/\/www.combusiness.de\/#website\"},\"datePublished\":\"2018-08-14T22:23:29+00:00\",\"dateModified\":\"2022-06-21T15:44:51+00:00\",\"description\":\"L\u00e4ngst konkurrieren nicht nur andere Verb\u00e4nde um die Gunst Ihrer Mitglieder, auch Agenturen, spezialisierte Anwaltskanzleien und andere Dienstleister\",\"breadcrumb\":{\"@id\":\"https:\/\/www.combusiness.de\/index.php\/verbaende\/services-fuer-verbaende\/#breadcrumb\"},\"inLanguage\":\"de\",\"potentialAction\":[{\"@type\":\"ReadAction\",\"target\":[\"https:\/\/www.combusiness.de\/index.php\/verbaende\/services-fuer-verbaende\/\"]}]},{\"@type\":\"BreadcrumbList\",\"@id\":\"https:\/\/www.combusiness.de\/index.php\/verbaende\/services-fuer-verbaende\/#breadcrumb\",\"itemListElement\":[{\"@type\":\"ListItem\",\"position\":1,\"name\":\"Startseite\",\"item\":\"https:\/\/www.combusiness.de\/\"},{\"@type\":\"ListItem\",\"position\":2,\"name\":\"Verb\u00e4nde\",\"item\":\"https:\/\/www.combusiness.de\/index.php\/verbaende\/\"},{\"@type\":\"ListItem\",\"position\":3,\"name\":\"Services f\u00fcr Verb\u00e4nde\"}]},{\"@type\":\"WebSite\",\"@id\":\"https:\/\/www.combusiness.de\/#website\",\"url\":\"https:\/\/www.combusiness.de\/\",\"name\":\"ComBusiness\",\"description\":\"Ihr Partner f\u00fcr Kommunikation\",\"publisher\":{\"@id\":\"https:\/\/www.combusiness.de\/#organization\"},\"potentialAction\":[{\"@type\":\"SearchAction\",\"target\":{\"@type\":\"EntryPoint\",\"urlTemplate\":\"https:\/\/www.combusiness.de\/?s={search_term_string}\"},\"query-input\":\"required name=search_term_string\"}],\"inLanguage\":\"de\"},{\"@type\":\"Organization\",\"@id\":\"https:\/\/www.combusiness.de\/#organization\",\"name\":\"ComBusiness\",\"url\":\"https:\/\/www.combusiness.de\/\",\"logo\":{\"@type\":\"ImageObject\",\"inLanguage\":\"de\",\"@id\":\"https:\/\/www.combusiness.de\/#\/schema\/logo\/image\/\",\"url\":\"https:\/\/www.combusiness.de\/wp-content\/uploads\/2018\/12\/Logo_ComBusiness-1.png\",\"contentUrl\":\"https:\/\/www.combusiness.de\/wp-content\/uploads\/2018\/12\/Logo_ComBusiness-1.png\",\"width\":493,\"height\":58,\"caption\":\"ComBusiness\"},\"image\":{\"@id\":\"https:\/\/www.combusiness.de\/#\/schema\/logo\/image\/\"}}]}<\/script>\n<!-- \/ Yoast SEO plugin. -->","yoast_head_json":{"title":"Services f\u00fcr Verb\u00e4nde - innovative Wege der Mitgliedergewinnung","description":"L\u00e4ngst konkurrieren nicht nur andere Verb\u00e4nde um die Gunst Ihrer Mitglieder, auch Agenturen, spezialisierte Anwaltskanzleien und andere Dienstleister","robots":{"index":"index","follow":"follow","max-snippet":"max-snippet:-1","max-image-preview":"max-image-preview:large","max-video-preview":"max-video-preview:-1"},"canonical":"https:\/\/www.combusiness.de\/index.php\/verbaende\/services-fuer-verbaende\/","og_locale":"de_DE","og_type":"article","og_title":"Services f\u00fcr Verb\u00e4nde - innovative Wege der Mitgliedergewinnung","og_description":"L\u00e4ngst konkurrieren nicht nur andere Verb\u00e4nde um die Gunst Ihrer Mitglieder, auch Agenturen, spezialisierte Anwaltskanzleien und andere Dienstleister","og_url":"https:\/\/www.combusiness.de\/index.php\/verbaende\/services-fuer-verbaende\/","og_site_name":"ComBusiness","article_modified_time":"2022-06-21T15:44:51+00:00","twitter_card":"summary_large_image","twitter_misc":{"Gesch\u00e4tzte Lesezeit":"6\u00a0Minuten"},"schema":{"@context":"https:\/\/schema.org","@graph":[{"@type":"WebPage","@id":"https:\/\/www.combusiness.de\/index.php\/verbaende\/services-fuer-verbaende\/","url":"https:\/\/www.combusiness.de\/index.php\/verbaende\/services-fuer-verbaende\/","name":"Services f\u00fcr Verb\u00e4nde - innovative Wege der Mitgliedergewinnung","isPartOf":{"@id":"https:\/\/www.combusiness.de\/#website"},"datePublished":"2018-08-14T22:23:29+00:00","dateModified":"2022-06-21T15:44:51+00:00","description":"L\u00e4ngst konkurrieren nicht nur andere Verb\u00e4nde um die Gunst Ihrer Mitglieder, auch Agenturen, spezialisierte Anwaltskanzleien und andere Dienstleister","breadcrumb":{"@id":"https:\/\/www.combusiness.de\/index.php\/verbaende\/services-fuer-verbaende\/#breadcrumb"},"inLanguage":"de","potentialAction":[{"@type":"ReadAction","target":["https:\/\/www.combusiness.de\/index.php\/verbaende\/services-fuer-verbaende\/"]}]},{"@type":"BreadcrumbList","@id":"https:\/\/www.combusiness.de\/index.php\/verbaende\/services-fuer-verbaende\/#breadcrumb","itemListElement":[{"@type":"ListItem","position":1,"name":"Startseite","item":"https:\/\/www.combusiness.de\/"},{"@type":"ListItem","position":2,"name":"Verb\u00e4nde","item":"https:\/\/www.combusiness.de\/index.php\/verbaende\/"},{"@type":"ListItem","position":3,"name":"Services f\u00fcr Verb\u00e4nde"}]},{"@type":"WebSite","@id":"https:\/\/www.combusiness.de\/#website","url":"https:\/\/www.combusiness.de\/","name":"ComBusiness","description":"Ihr Partner f\u00fcr Kommunikation","publisher":{"@id":"https:\/\/www.combusiness.de\/#organization"},"potentialAction":[{"@type":"SearchAction","target":{"@type":"EntryPoint","urlTemplate":"https:\/\/www.combusiness.de\/?s={search_term_string}"},"query-input":"required name=search_term_string"}],"inLanguage":"de"},{"@type":"Organization","@id":"https:\/\/www.combusiness.de\/#organization","name":"ComBusiness","url":"https:\/\/www.combusiness.de\/","logo":{"@type":"ImageObject","inLanguage":"de","@id":"https:\/\/www.combusiness.de\/#\/schema\/logo\/image\/","url":"https:\/\/www.combusiness.de\/wp-content\/uploads\/2018\/12\/Logo_ComBusiness-1.png","contentUrl":"https:\/\/www.combusiness.de\/wp-content\/uploads\/2018\/12\/Logo_ComBusiness-1.png","width":493,"height":58,"caption":"ComBusiness"},"image":{"@id":"https:\/\/www.combusiness.de\/#\/schema\/logo\/image\/"}}]}},"_links":{"self":[{"href":"https:\/\/www.combusiness.de\/index.php\/wp-json\/wp\/v2\/pages\/125"}],"collection":[{"href":"https:\/\/www.combusiness.de\/index.php\/wp-json\/wp\/v2\/pages"}],"about":[{"href":"https:\/\/www.combusiness.de\/index.php\/wp-json\/wp\/v2\/types\/page"}],"author":[{"embeddable":true,"href":"https:\/\/www.combusiness.de\/index.php\/wp-json\/wp\/v2\/users\/1"}],"replies":[{"embeddable":true,"href":"https:\/\/www.combusiness.de\/index.php\/wp-json\/wp\/v2\/comments?post=125"}],"version-history":[{"count":51,"href":"https:\/\/www.combusiness.de\/index.php\/wp-json\/wp\/v2\/pages\/125\/revisions"}],"predecessor-version":[{"id":2050,"href":"https:\/\/www.combusiness.de\/index.php\/wp-json\/wp\/v2\/pages\/125\/revisions\/2050"}],"up":[{"embeddable":true,"href":"https:\/\/www.combusiness.de\/index.php\/wp-json\/wp\/v2\/pages\/89"}],"wp:attachment":[{"href":"https:\/\/www.combusiness.de\/index.php\/wp-json\/wp\/v2\/media?parent=125"}],"curies":[{"name":"wp","href":"https:\/\/api.w.org\/{rel}","templated":true}]}}