{"id":133,"date":"2018-08-15T00:24:45","date_gmt":"2018-08-14T22:24:45","guid":{"rendered":"http:\/\/lp.cb.schummelschinken.de\/?page_id=133"},"modified":"2019-01-28T10:33:25","modified_gmt":"2019-01-28T09:33:25","slug":"kommunikation-fuer-verbaende","status":"publish","type":"page","link":"https:\/\/www.combusiness.de\/index.php\/verbaende\/kommunikation-fuer-verbaende\/","title":{"rendered":"Kommunikation f\u00fcr Verb\u00e4nde"},"content":{"rendered":"<p>[et_pb_section bb_built=&#8220;1&#8243; admin_label=&#8220;About Us Section&#8220; _builder_version=&#8220;3.19.5&#8243; background_image=&#8220;https:\/\/www.combusiness.de\/wp-content\/uploads\/2019\/01\/rawpixel-597440-unsplash-1.jpg&#8220; parallax=&#8220;on&#8220; box_shadow_style=&#8220;preset7&#8243; box_shadow_horizontal=&#8220;0px&#8220; box_shadow_vertical=&#8220;-80px&#8220; box_shadow_color=&#8220;#ffffff&#8220; custom_margin_phone=&#8220;|0px||0px&#8220; custom_margin_last_edited=&#8220;on|desktop&#8220; animation_style=&#8220;zoom&#8220; animation_direction=&#8220;top&#8220; animation_intensity_zoom=&#8220;5%&#8220; custom_css_main_element=&#8220;min-height:500px;&#8220; next_background_color=&#8220;#ffffff&#8220;][et_pb_row admin_label=&#8220;About Us Area&#8220; custom_padding=&#8220;27px|0px|0px|0px&#8220; _builder_version=&#8220;3.0.83&#8243; background_size=&#8220;initial&#8220; background_position=&#8220;top_left&#8220; background_repeat=&#8220;repeat&#8220;][et_pb_column type=&#8220;2_3&#8243;][\/et_pb_column][et_pb_column type=&#8220;1_3&#8243;][\/et_pb_column][\/et_pb_row][\/et_pb_section][et_pb_section bb_built=&#8220;1&#8243; _builder_version=&#8220;3.0.47&#8243; custom_padding=&#8220;0|0px|54px|0px|false|false&#8220; prev_background_color=&#8220;#000000&#8243; next_background_color=&#8220;#f4f4f4&#8243;][et_pb_row _builder_version=&#8220;3.0.48&#8243; background_size=&#8220;initial&#8220; background_position=&#8220;top_left&#8220; background_repeat=&#8220;repeat&#8220;][et_pb_column type=&#8220;4_4&#8243;][et_pb_text _builder_version=&#8220;3.19.5&#8243; text_font=&#8220;Montserrat|500||on|||||&#8220; text_text_color=&#8220;#595959&#8243; text_font_size=&#8220;16px&#8220; text_letter_spacing=&#8220;3px&#8220; custom_margin=&#8220;20px|||&#8220; animation_style=&#8220;slide&#8220; animation_direction=&#8220;bottom&#8220; locked=&#8220;off&#8220; saved_tabs=&#8220;all&#8220;]<\/p>\n<p>intensiver Service, gute Erreichbarkeit und attraktive Informationsangebote<\/p>\n<p>[\/et_pb_text][et_pb_text _builder_version=&#8220;3.19.5&#8243; header_font=&#8220;|600|||||||&#8220; header_line_height=&#8220;1.5em&#8220; text_text_color=&#8220;#4c4c4c&#8220;]<\/p>\n<h1>Kommunikation f\u00fcr Verb\u00e4nde<\/h1>\n<p><strong>Wir haben uns darauf spezialisiert, aus komplexen Themen verst\u00e4ndliche Botschaften zu entwickeln.<\/strong><\/p>\n<p>Die Kommunikation von Verb\u00e4nden und Interessenvertretungen unterliegt besonderen Herausforderungen. Einerseits erwarten die Mitglieder ausreichend \u00fcber ver\u00e4nderte Rahmenbedingungen und neue Gesetze informiert zu werden.<\/p>\n<p>Das bedeutet vor allem intensiver Service, gute Erreichbarkeit und attraktive Informationsangebote. Andererseits m\u00fcssen die Interessen der Organisation nach au\u00dfen vermittelt werden. Bedeutet wiederum, Fakten und Zusammenh\u00e4nge verst\u00e4ndlich und nachhaltig zu kommunizieren. Nicht durch Quantit\u00e4t, sondern durch Vereinfachung und Reduzierung \u2013 im Idealfall auch f\u00fcr Nicht-Experten verst\u00e4ndlich. Zum Beispiel auch f\u00fcr den Nachwuchs.<\/p>\n<p>[\/et_pb_text][\/et_pb_column][\/et_pb_row][\/et_pb_section][et_pb_section bb_built=&#8220;1&#8243; admin_label=&#8220;Team Member Section&#8220; disabled_on=&#8220;off|off|off&#8220; _builder_version=&#8220;3.17.3&#8243; background_color=&#8220;#f4f4f4&#8243; custom_padding=&#8220;70px||0||false|false&#8220; prev_background_color=&#8220;#ffffff&#8220; next_background_color=&#8220;#ffffff&#8220;][et_pb_row custom_padding=&#8220;0||60px||false|false&#8220; _builder_version=&#8220;3.17.3&#8243; background_size=&#8220;initial&#8220; background_position=&#8220;top_left&#8220; background_repeat=&#8220;repeat&#8220;][et_pb_column type=&#8220;1_2&#8243;][et_pb_image src=&#8220;https:\/\/www.combusiness.de\/wp-content\/uploads\/2019\/01\/rawpixel-659503-unsplash.jpg&#8220; _builder_version=&#8220;3.19.5&#8243; animation_style=&#8220;fold&#8220; alt=&#8220;Kommunikation f\u00fcr Verb\u00e4nde&#8220; title_text=&#8220;Kommunikation f\u00fcr Verb\u00e4nde&#8220;]<\/p>\n<p>[\/et_pb_image][\/et_pb_column][et_pb_column type=&#8220;1_2&#8243;][et_pb_text _builder_version=&#8220;3.19.5&#8243; header_font=&#8220;|600|||||||&#8220; header_line_height=&#8220;1.5em&#8220; header_3_font=&#8220;|600|||||||&#8220; header_3_font_size=&#8220;30px&#8220; custom_margin=&#8220;||70px&#8220; text_text_color=&#8220;#4c4c4c&#8220;]<\/p>\n<h1>Unsere Leistungen f\u00fcr Verb\u00e4nde<\/h1>\n<ul>\n<li>Strategische Beratung<\/li>\n<li>Komplettdienstleistung Kommunikation<\/li>\n<li>Marken-Workshops<\/li>\n<li>Image und Mitgliederbindung<\/li>\n<li>Mitgliedergewinnung, Vertriebsunterlagen<\/li>\n<li>Nachwuchsgewinnung<\/li>\n<li>Pr\u00e4sentationen und Plakate<\/li>\n<li>Printmedien und Mitgliedermagazine<\/li>\n<li>Brosch\u00fcren, Factsheets und Whitepaper<\/li>\n<li>Webvideos und Erkl\u00e4rfilme<\/li>\n<li>Mobile Apps, Internetauftritte<\/li>\n<li>Online-Kommunikation, Social Media<\/li>\n<\/ul>\n<p>[\/et_pb_text][\/et_pb_column][\/et_pb_row][\/et_pb_section][et_pb_section bb_built=&#8220;1&#8243; _builder_version=&#8220;3.17.3&#8243; prev_background_color=&#8220;#f4f4f4&#8243;][et_pb_row _builder_version=&#8220;3.0.48&#8243; background_size=&#8220;initial&#8220; background_position=&#8220;top_left&#8220; background_repeat=&#8220;repeat&#8220;][et_pb_column type=&#8220;4_4&#8243;][et_pb_cta button_url=&#8220;mailto:verbaende@combusiness.de&#8220; button_text=&#8220;verbaende@combusiness.de&#8220; _builder_version=&#8220;3.19.5&#8243; header_font_size=&#8220;30px&#8220; header_font_size_phone=&#8220;20px&#8220; header_font_size_last_edited=&#8220;on|desktop&#8220; custom_button=&#8220;on&#8220; button_text_size_phone=&#8220;12&#8243; button_text_size_last_edited=&#8220;on|phone&#8220;]<\/p>\n<h2 style=\"text-align: center;\">Einfach<\/h2>\n<h2 style=\"text-align: center;\">0208 &#8211; 45 19 300<\/h2>\n<h2 style=\"text-align: center;\">anrufen oder eine kurze Mail an:<\/h2>\n<p>[\/et_pb_cta][\/et_pb_column][\/et_pb_row][\/et_pb_section]<\/p>\n","protected":false},"excerpt":{"rendered":"<p>intensiver Service, gute Erreichbarkeit und attraktive Informationsangebote Kommunikation f\u00fcr Verb\u00e4nde Wir haben uns darauf spezialisiert, aus komplexen Themen verst\u00e4ndliche Botschaften zu entwickeln. Die Kommunikation von Verb\u00e4nden und Interessenvertretungen unterliegt besonderen Herausforderungen. Einerseits erwarten die Mitglieder ausreichend \u00fcber ver\u00e4nderte Rahmenbedingungen und neue Gesetze informiert zu werden. Das bedeutet vor allem intensiver Service, gute Erreichbarkeit und attraktive [&hellip;]<\/p>\n","protected":false},"author":1,"featured_media":0,"parent":89,"menu_order":0,"comment_status":"closed","ping_status":"closed","template":"","meta":{"_et_pb_use_builder":"on","_et_pb_old_content":"","_et_gb_content_width":""},"yoast_head":"<!-- This site is optimized with the Yoast SEO plugin v19.9 - https:\/\/yoast.com\/wordpress\/plugins\/seo\/ -->\n<title>Kommunikation f\u00fcr Verb\u00e4nde - intensiver Service - ComBusiness<\/title>\n<meta name=\"description\" content=\"Kommunikation f\u00fcr Verb\u00e4nde - Wir haben uns darauf spezialisiert, aus komplexen Themen verst\u00e4ndliche Botschaften zu entwickeln.\" \/>\n<meta name=\"robots\" content=\"index, follow, max-snippet:-1, max-image-preview:large, max-video-preview:-1\" \/>\n<link rel=\"canonical\" href=\"https:\/\/www.combusiness.de\/index.php\/verbaende\/kommunikation-fuer-verbaende\/\" \/>\n<meta property=\"og:locale\" content=\"de_DE\" \/>\n<meta property=\"og:type\" content=\"article\" \/>\n<meta property=\"og:title\" content=\"Kommunikation f\u00fcr Verb\u00e4nde - intensiver Service - ComBusiness\" \/>\n<meta property=\"og:description\" content=\"Kommunikation f\u00fcr Verb\u00e4nde - Wir haben uns darauf spezialisiert, aus komplexen Themen verst\u00e4ndliche Botschaften zu entwickeln.\" \/>\n<meta property=\"og:url\" content=\"https:\/\/www.combusiness.de\/index.php\/verbaende\/kommunikation-fuer-verbaende\/\" \/>\n<meta property=\"og:site_name\" content=\"ComBusiness\" \/>\n<meta property=\"article:modified_time\" content=\"2019-01-28T09:33:25+00:00\" \/>\n<meta name=\"twitter:card\" content=\"summary_large_image\" \/>\n<meta name=\"twitter:label1\" content=\"Gesch\u00e4tzte Lesezeit\" \/>\n\t<meta name=\"twitter:data1\" content=\"3\u00a0Minuten\" \/>\n<script type=\"application\/ld+json\" class=\"yoast-schema-graph\">{\"@context\":\"https:\/\/schema.org\",\"@graph\":[{\"@type\":\"WebPage\",\"@id\":\"https:\/\/www.combusiness.de\/index.php\/verbaende\/kommunikation-fuer-verbaende\/\",\"url\":\"https:\/\/www.combusiness.de\/index.php\/verbaende\/kommunikation-fuer-verbaende\/\",\"name\":\"Kommunikation f\u00fcr Verb\u00e4nde - intensiver Service - ComBusiness\",\"isPartOf\":{\"@id\":\"https:\/\/www.combusiness.de\/#website\"},\"datePublished\":\"2018-08-14T22:24:45+00:00\",\"dateModified\":\"2019-01-28T09:33:25+00:00\",\"description\":\"Kommunikation f\u00fcr Verb\u00e4nde - Wir haben uns darauf spezialisiert, aus komplexen Themen verst\u00e4ndliche Botschaften zu entwickeln.\",\"breadcrumb\":{\"@id\":\"https:\/\/www.combusiness.de\/index.php\/verbaende\/kommunikation-fuer-verbaende\/#breadcrumb\"},\"inLanguage\":\"de\",\"potentialAction\":[{\"@type\":\"ReadAction\",\"target\":[\"https:\/\/www.combusiness.de\/index.php\/verbaende\/kommunikation-fuer-verbaende\/\"]}]},{\"@type\":\"BreadcrumbList\",\"@id\":\"https:\/\/www.combusiness.de\/index.php\/verbaende\/kommunikation-fuer-verbaende\/#breadcrumb\",\"itemListElement\":[{\"@type\":\"ListItem\",\"position\":1,\"name\":\"Startseite\",\"item\":\"https:\/\/www.combusiness.de\/\"},{\"@type\":\"ListItem\",\"position\":2,\"name\":\"Verb\u00e4nde\",\"item\":\"https:\/\/www.combusiness.de\/index.php\/verbaende\/\"},{\"@type\":\"ListItem\",\"position\":3,\"name\":\"Kommunikation f\u00fcr Verb\u00e4nde\"}]},{\"@type\":\"WebSite\",\"@id\":\"https:\/\/www.combusiness.de\/#website\",\"url\":\"https:\/\/www.combusiness.de\/\",\"name\":\"ComBusiness\",\"description\":\"Ihr Partner f\u00fcr Kommunikation\",\"publisher\":{\"@id\":\"https:\/\/www.combusiness.de\/#organization\"},\"potentialAction\":[{\"@type\":\"SearchAction\",\"target\":{\"@type\":\"EntryPoint\",\"urlTemplate\":\"https:\/\/www.combusiness.de\/?s={search_term_string}\"},\"query-input\":\"required name=search_term_string\"}],\"inLanguage\":\"de\"},{\"@type\":\"Organization\",\"@id\":\"https:\/\/www.combusiness.de\/#organization\",\"name\":\"ComBusiness\",\"url\":\"https:\/\/www.combusiness.de\/\",\"logo\":{\"@type\":\"ImageObject\",\"inLanguage\":\"de\",\"@id\":\"https:\/\/www.combusiness.de\/#\/schema\/logo\/image\/\",\"url\":\"https:\/\/www.combusiness.de\/wp-content\/uploads\/2018\/12\/Logo_ComBusiness-1.png\",\"contentUrl\":\"https:\/\/www.combusiness.de\/wp-content\/uploads\/2018\/12\/Logo_ComBusiness-1.png\",\"width\":493,\"height\":58,\"caption\":\"ComBusiness\"},\"image\":{\"@id\":\"https:\/\/www.combusiness.de\/#\/schema\/logo\/image\/\"}}]}<\/script>\n<!-- \/ Yoast SEO plugin. -->","yoast_head_json":{"title":"Kommunikation f\u00fcr Verb\u00e4nde - intensiver Service - ComBusiness","description":"Kommunikation f\u00fcr Verb\u00e4nde - Wir haben uns darauf spezialisiert, aus komplexen Themen verst\u00e4ndliche Botschaften zu entwickeln.","robots":{"index":"index","follow":"follow","max-snippet":"max-snippet:-1","max-image-preview":"max-image-preview:large","max-video-preview":"max-video-preview:-1"},"canonical":"https:\/\/www.combusiness.de\/index.php\/verbaende\/kommunikation-fuer-verbaende\/","og_locale":"de_DE","og_type":"article","og_title":"Kommunikation f\u00fcr Verb\u00e4nde - intensiver Service - ComBusiness","og_description":"Kommunikation f\u00fcr Verb\u00e4nde - Wir haben uns darauf spezialisiert, aus komplexen Themen verst\u00e4ndliche Botschaften zu entwickeln.","og_url":"https:\/\/www.combusiness.de\/index.php\/verbaende\/kommunikation-fuer-verbaende\/","og_site_name":"ComBusiness","article_modified_time":"2019-01-28T09:33:25+00:00","twitter_card":"summary_large_image","twitter_misc":{"Gesch\u00e4tzte Lesezeit":"3\u00a0Minuten"},"schema":{"@context":"https:\/\/schema.org","@graph":[{"@type":"WebPage","@id":"https:\/\/www.combusiness.de\/index.php\/verbaende\/kommunikation-fuer-verbaende\/","url":"https:\/\/www.combusiness.de\/index.php\/verbaende\/kommunikation-fuer-verbaende\/","name":"Kommunikation f\u00fcr Verb\u00e4nde - intensiver Service - ComBusiness","isPartOf":{"@id":"https:\/\/www.combusiness.de\/#website"},"datePublished":"2018-08-14T22:24:45+00:00","dateModified":"2019-01-28T09:33:25+00:00","description":"Kommunikation f\u00fcr Verb\u00e4nde - Wir haben uns darauf spezialisiert, aus komplexen Themen verst\u00e4ndliche Botschaften zu entwickeln.","breadcrumb":{"@id":"https:\/\/www.combusiness.de\/index.php\/verbaende\/kommunikation-fuer-verbaende\/#breadcrumb"},"inLanguage":"de","potentialAction":[{"@type":"ReadAction","target":["https:\/\/www.combusiness.de\/index.php\/verbaende\/kommunikation-fuer-verbaende\/"]}]},{"@type":"BreadcrumbList","@id":"https:\/\/www.combusiness.de\/index.php\/verbaende\/kommunikation-fuer-verbaende\/#breadcrumb","itemListElement":[{"@type":"ListItem","position":1,"name":"Startseite","item":"https:\/\/www.combusiness.de\/"},{"@type":"ListItem","position":2,"name":"Verb\u00e4nde","item":"https:\/\/www.combusiness.de\/index.php\/verbaende\/"},{"@type":"ListItem","position":3,"name":"Kommunikation f\u00fcr Verb\u00e4nde"}]},{"@type":"WebSite","@id":"https:\/\/www.combusiness.de\/#website","url":"https:\/\/www.combusiness.de\/","name":"ComBusiness","description":"Ihr Partner f\u00fcr Kommunikation","publisher":{"@id":"https:\/\/www.combusiness.de\/#organization"},"potentialAction":[{"@type":"SearchAction","target":{"@type":"EntryPoint","urlTemplate":"https:\/\/www.combusiness.de\/?s={search_term_string}"},"query-input":"required name=search_term_string"}],"inLanguage":"de"},{"@type":"Organization","@id":"https:\/\/www.combusiness.de\/#organization","name":"ComBusiness","url":"https:\/\/www.combusiness.de\/","logo":{"@type":"ImageObject","inLanguage":"de","@id":"https:\/\/www.combusiness.de\/#\/schema\/logo\/image\/","url":"https:\/\/www.combusiness.de\/wp-content\/uploads\/2018\/12\/Logo_ComBusiness-1.png","contentUrl":"https:\/\/www.combusiness.de\/wp-content\/uploads\/2018\/12\/Logo_ComBusiness-1.png","width":493,"height":58,"caption":"ComBusiness"},"image":{"@id":"https:\/\/www.combusiness.de\/#\/schema\/logo\/image\/"}}]}},"_links":{"self":[{"href":"https:\/\/www.combusiness.de\/index.php\/wp-json\/wp\/v2\/pages\/133"}],"collection":[{"href":"https:\/\/www.combusiness.de\/index.php\/wp-json\/wp\/v2\/pages"}],"about":[{"href":"https:\/\/www.combusiness.de\/index.php\/wp-json\/wp\/v2\/types\/page"}],"author":[{"embeddable":true,"href":"https:\/\/www.combusiness.de\/index.php\/wp-json\/wp\/v2\/users\/1"}],"replies":[{"embeddable":true,"href":"https:\/\/www.combusiness.de\/index.php\/wp-json\/wp\/v2\/comments?post=133"}],"version-history":[{"count":26,"href":"https:\/\/www.combusiness.de\/index.php\/wp-json\/wp\/v2\/pages\/133\/revisions"}],"predecessor-version":[{"id":1969,"href":"https:\/\/www.combusiness.de\/index.php\/wp-json\/wp\/v2\/pages\/133\/revisions\/1969"}],"up":[{"embeddable":true,"href":"https:\/\/www.combusiness.de\/index.php\/wp-json\/wp\/v2\/pages\/89"}],"wp:attachment":[{"href":"https:\/\/www.combusiness.de\/index.php\/wp-json\/wp\/v2\/media?parent=133"}],"curies":[{"name":"wp","href":"https:\/\/api.w.org\/{rel}","templated":true}]}}