{"id":144,"date":"2018-08-15T00:26:50","date_gmt":"2018-08-14T22:26:50","guid":{"rendered":"http:\/\/lp.cb.schummelschinken.de\/?page_id=144"},"modified":"2019-12-18T11:28:55","modified_gmt":"2019-12-18T10:28:55","slug":"datenloeschung-firmenhandys","status":"publish","type":"page","link":"https:\/\/www.combusiness.de\/index.php\/loesungen\/datenloeschung-firmenhandys\/","title":{"rendered":"Datenl\u00f6schung Firmenhandys"},"content":{"rendered":"<p>[et_pb_section bb_built=&#8220;1&#8243; admin_label=&#8220;About Us Section&#8220; _builder_version=&#8220;3.22.4&#8243; background_image=&#8220;https:\/\/www.combusiness.de\/wp-content\/uploads\/2019\/04\/CB_Datenloeschung_DSGVO.jpg&#8220; parallax=&#8220;on&#8220; box_shadow_style=&#8220;preset7&#8243; box_shadow_horizontal=&#8220;0px&#8220; box_shadow_vertical=&#8220;-80px&#8220; box_shadow_color=&#8220;#ffffff&#8220; custom_margin_phone=&#8220;|0px||0px&#8220; custom_margin_last_edited=&#8220;on|desktop&#8220; animation_style=&#8220;zoom&#8220; animation_direction=&#8220;top&#8220; animation_intensity_zoom=&#8220;5%&#8220; custom_css_main_element=&#8220;min-height:500px;&#8220; next_background_color=&#8220;#ffffff&#8220; inner_width_tablet=&#8220;50px&#8220; inner_max_width_tablet=&#8220;50px&#8220; z_index_tablet=&#8220;500&#8243;][et_pb_row admin_label=&#8220;About Us Area&#8220; custom_padding=&#8220;|0px|0px|0px&#8220; _builder_version=&#8220;3.17.3&#8243; background_size=&#8220;initial&#8220; background_position=&#8220;top_left&#8220; background_repeat=&#8220;repeat&#8220; width=&#8220;80%&#8220; max_width=&#8220;1080px&#8220;][et_pb_column type=&#8220;2_3&#8243;][\/et_pb_column][et_pb_column type=&#8220;1_3&#8243;][\/et_pb_column][\/et_pb_row][\/et_pb_section][et_pb_section bb_built=&#8220;1&#8243; _builder_version=&#8220;3.17.3&#8243; custom_padding=&#8220;0|0px|54px|0px|false|false&#8220; prev_background_color=&#8220;#000000&#8243; next_background_color=&#8220;#f4f4f4&#8243; inner_width=&#8220;auto&#8220; inner_max_width=&#8220;none&#8220;][et_pb_row _builder_version=&#8220;3.17.3&#8243; width=&#8220;80%&#8220; max_width=&#8220;1080px&#8220;][et_pb_column type=&#8220;4_4&#8243;][et_pb_text _builder_version=&#8220;3.19.5&#8243; text_font=&#8220;Montserrat|500||on|||||&#8220; text_text_color=&#8220;#595959&#8243; text_font_size=&#8220;16px&#8220; text_letter_spacing=&#8220;3px&#8220; custom_margin=&#8220;20px|||&#8220; animation_style=&#8220;slide&#8220; animation_direction=&#8220;bottom&#8220; locked=&#8220;off&#8220; saved_tabs=&#8220;all&#8220;]<\/p>\n<p>DEKRA-zertifizierte Datenl\u00f6schung\u00a0<\/p>\n<p>[\/et_pb_text][et_pb_text _builder_version=&#8220;3.19.5&#8243; header_font=&#8220;|600|||||||&#8220; header_line_height=&#8220;1.5em&#8220; text_text_color=&#8220;#4c4c4c&#8220;]<\/p>\n<h1>DSGVO-konforme Datenl\u00f6schung f\u00fcr \u201ealte\u201c Smartphones &amp; Tablets<\/h1>\n<p>Ungenutzte Mobiltelefone und Tablets aus Verbands-, Betriebs- oder Mitarbeiterbestand sind doppelt wertvoll. Sie enthalten wichtige pers\u00f6nliche und Unternehmensdaten. Oft landen die Ger\u00e4te jedoch in Schubladen, auf Online-Verkaufsplattformen, zu Hause oder auf dem Flohmarkt.<\/p>\n<p>[\/et_pb_text][\/et_pb_column][\/et_pb_row][\/et_pb_section][et_pb_section bb_built=&#8220;1&#8243; admin_label=&#8220;Team Member Section&#8220; disabled_on=&#8220;off|off|off&#8220; _builder_version=&#8220;3.18.9&#8243; background_color=&#8220;#f4f4f4&#8243; custom_padding=&#8220;70px||20px|&#8220; prev_background_color=&#8220;#ffffff&#8220; next_background_color=&#8220;#ffffff&#8220; inner_width=&#8220;auto&#8220; inner_max_width=&#8220;none&#8220;][et_pb_row custom_padding=&#8220;0||60px||false|false&#8220; make_equal=&#8220;on&#8220; _builder_version=&#8220;3.17.3&#8243; background_size=&#8220;initial&#8220; background_position=&#8220;top_left&#8220; background_repeat=&#8220;repeat&#8220; width=&#8220;80%&#8220; max_width=&#8220;1080px&#8220;][et_pb_column type=&#8220;1_2&#8243;][et_pb_blurb title=&#8220;Das Problem&#8220; use_icon=&#8220;on&#8220; font_icon=&#8220;%%83%%&#8220; icon_color=&#8220;#ffffff&#8220; use_circle=&#8220;on&#8220; _builder_version=&#8220;3.19.5&#8243; header_font=&#8220;|600|||||||&#8220; header_font_size=&#8220;20&#8243; header_line_height=&#8220;1.5em&#8220; body_font_size=&#8220;17&#8243; background_color=&#8220;#ffffff&#8220; border_width_top=&#8220;4px&#8220; border_color_top=&#8220;#961914&#8243; custom_padding=&#8220;10px|10px|10px|10px&#8220; body_text_color=&#8220;#4c4c4c&#8220;]<\/p>\n<div class=\"et_pb_blurb_description\">\n<p>Gem\u00e4\u00df DSGVO drohen hohe Strafen und Abmahnungen, wenn auf einem mobilen Endger\u00e4t pers\u00f6nliche Daten \u00f6ffentlich werden, das vorher in Besitz\/Eigentum\/Verwaltung einer Unternehmung war.<\/p>\n<p>Ein R\u00fccksetzen auf Werkseinstellungen l\u00f6scht sensible Daten nicht zuverl\u00e4ssig, diese k\u00f6nnen weiter aus dem Ger\u00e4tespeicher ausgelesen werden. Was tun, damit es nicht zum Daten-GAU kommt.<\/p>\n<\/div>\n<p>[\/et_pb_blurb][\/et_pb_column][et_pb_column type=&#8220;1_2&#8243;][et_pb_blurb title=&#8220;Die L\u00f6sung&#8220; use_icon=&#8220;on&#8220; font_icon=&#8220;%%49%%&#8220; icon_color=&#8220;#ffffff&#8220; use_circle=&#8220;on&#8220; _builder_version=&#8220;3.19.5&#8243; header_font=&#8220;|600|||||||&#8220; header_font_size=&#8220;20&#8243; header_line_height=&#8220;1.5em&#8220; body_font_size=&#8220;17&#8243; background_color=&#8220;#ffffff&#8220; border_width_top=&#8220;4px&#8220; border_color_top=&#8220;#961914&#8243; custom_padding=&#8220;10px|10px|10px|10px&#8220; body_text_color=&#8220;#4c4c4c&#8220;]<\/p>\n<div class=\"et_pb_blurb_description\">\n<p>Mit unserem DEKRA-zertifizierten Partner f\u00fchren wir gesetzeskonform die Datenl\u00f6schung durch.<\/p>\n<ul>\n<li>Mit individuell vereinbarter Servicepauschale und minimalem Aufwand<\/li>\n<li>Zertifizierte <strong>Datenl\u00f6schung<\/strong> auf Basis der Ger\u00e4te-Seriennummer<\/li>\n<li>Zertifiziertes <strong>Recycling<\/strong>, Entsorgung und\/oder Wiederverwendung<\/li>\n<li>Gesetzeskonforme <strong>L\u00f6schungs- und Entsorgungsnachweise<\/strong><\/li>\n<li><strong>Cashback-M\u00f6glichkeit <\/strong>durch Recycling und\/oder Weiterverwendung<\/li>\n<\/ul>\n<\/div>\n<p>[\/et_pb_blurb][\/et_pb_column][\/et_pb_row][\/et_pb_section][et_pb_section bb_built=&#8220;1&#8243; admin_label=&#8220;Team Member Section&#8220; disabled_on=&#8220;off|off|off&#8220; _builder_version=&#8220;3.18.9&#8243; custom_padding=&#8220;70px||10px|&#8220; prev_background_color=&#8220;#f4f4f4&#8243; next_background_color=&#8220;#000000&#8243; inner_width=&#8220;auto&#8220; inner_max_width=&#8220;none&#8220;][et_pb_row _builder_version=&#8220;3.0.48&#8243; background_size=&#8220;initial&#8220; background_position=&#8220;top_left&#8220; background_repeat=&#8220;repeat&#8220; width=&#8220;80%&#8220; max_width=&#8220;1080px&#8220;][et_pb_column type=&#8220;4_4&#8243;][et_pb_text _builder_version=&#8220;3.19.5&#8243; header_font=&#8220;|600|||||||&#8220; header_line_height=&#8220;1.5em&#8220; text_text_color=&#8220;#4c4c4c&#8220;]<\/p>\n<h1>UNSER SERVICE F\u00dcR SIE<\/h1>\n<p>Wir gew\u00e4hrleisten f\u00fcr Sie die Einhaltung aller datenschutzrechtlicher Vorgaben und Anforderungen gem\u00e4\u00df EU-Richtlinien und Bundes-Datenschutz-Gesetz. Wir \u00fcbernehmen die komplette Abwicklung f\u00fcr Sie \u2013 und Sie k\u00f6nnen ohne viel Aufwand aktiv Ressourcen schonen.<\/p>\n<p>[\/et_pb_text][\/et_pb_column][\/et_pb_row][et_pb_row custom_padding=&#8220;0||60px||false|false&#8220; make_equal=&#8220;on&#8220; _builder_version=&#8220;3.17.3&#8243; background_size=&#8220;initial&#8220; background_position=&#8220;top_left&#8220; background_repeat=&#8220;repeat&#8220; width=&#8220;80%&#8220; max_width=&#8220;1080px&#8220;][et_pb_column type=&#8220;4_4&#8243;][et_pb_blurb title=&#8220;Versand-Variante Basic&#8220; use_icon=&#8220;on&#8220; font_icon=&#8220;%%109%%&#8220; icon_color=&#8220;#ffffff&#8220; use_circle=&#8220;on&#8220; _builder_version=&#8220;3.19.5&#8243; header_font=&#8220;|600|||||||&#8220; header_font_size=&#8220;20&#8243; header_line_height=&#8220;1.5em&#8220; body_font_size=&#8220;17&#8243; background_color=&#8220;#f4f4f4&#8243; border_width_top=&#8220;4px&#8220; border_color_top=&#8220;#961914&#8243; custom_padding=&#8220;10px|10px|10px|10px&#8220; body_text_color=&#8220;#4c4c4c&#8220; disabled_on=&#8220;on|on|on&#8220; disabled=&#8220;on&#8220;]<\/p>\n<div class=\"et_pb_blurb_description\">\n<div class=\"et_pb_blurb_description\">\n<p data-pm-slice=\"1 1 []\">Hier senden Sie uns einfach Ihre Altger\u00e4te in eigenen Kartonagen.<\/p>\n<\/div>\n<\/div>\n<p>[\/et_pb_blurb][et_pb_blurb title=&#8220;Privatsph\u00e4re von Beginn an!&#8220; use_icon=&#8220;on&#8220; font_icon=&#8220;%%140%%&#8220; icon_color=&#8220;#ffffff&#8220; use_circle=&#8220;on&#8220; _builder_version=&#8220;3.22.7&#8243; header_font=&#8220;|600|||||||&#8220; header_font_size=&#8220;28&#8243; header_line_height=&#8220;1.5em&#8220; body_font_size=&#8220;18&#8243; background_color=&#8220;#f4f4f4&#8243; border_width_top=&#8220;4px&#8220; border_color_top=&#8220;#961914&#8243; custom_padding=&#8220;54px|20px|60px|20px&#8220; body_text_color=&#8220;#4c4c4c&#8220; icon_placement=&#8220;left&#8220; use_icon_font_size=&#8220;on&#8220; icon_font_size=&#8220;100px&#8220; text_shadow_horizontal_length=&#8220;text_shadow_style,%91object Object%93&#8243; text_shadow_vertical_length=&#8220;text_shadow_style,%91object Object%93&#8243; text_shadow_blur_strength=&#8220;text_shadow_style,%91object Object%93&#8243; header_text_shadow_horizontal_length=&#8220;header_text_shadow_style,%91object Object%93&#8243; header_text_shadow_vertical_length=&#8220;header_text_shadow_style,%91object Object%93&#8243; header_text_shadow_blur_strength=&#8220;header_text_shadow_style,%91object Object%93&#8243; body_text_shadow_horizontal_length=&#8220;body_text_shadow_style,%91object Object%93&#8243; body_text_shadow_vertical_length=&#8220;body_text_shadow_style,%91object Object%93&#8243; body_text_shadow_blur_strength=&#8220;body_text_shadow_style,%91object Object%93&#8243; content_max_width=&#8220;1005px&#8220; z_index_tablet=&#8220;500&#8243;]<\/p>\n<div class=\"et_pb_blurb_description\">\n<div class=\"et_pb_blurb_description\">\n<p data-pm-slice=\"1 1 []\"><strong>Ab 10 Altger\u00e4ten<\/strong> stellen wir Ihnen spezielle Versandboxen sowie Plomben und Versandlabel zur Verf\u00fcgung. Sind die Altger\u00e4te verpackt, wird die Box verplombt und sicher an uns versandt.<\/p>\n<p data-pm-slice=\"1 1 []\">Pro Box berechnen wir Ihnen einmalig 25,00 \u20ac netto zzgl. USt und 10% aus dem Erl\u00f6s aus Vermarktung \/ Recycling. Die Versandkosten \u00fcbernehmen wir f\u00fcr Sie. <strong>Der Restbetrag aus dem Erl\u00f6s wird Ihnen verg\u00fctet oder wir spenden den Betrag f\u00fcr Sie.<\/strong><\/p>\n<\/div>\n<\/div>\n<p>[\/et_pb_blurb][\/et_pb_column][\/et_pb_row][\/et_pb_section][et_pb_section bb_built=&#8220;1&#8243; _builder_version=&#8220;3.19.5&#8243; prev_background_color=&#8220;#000000&#8243; inner_width=&#8220;auto&#8220; inner_max_width=&#8220;none&#8220;][et_pb_row _builder_version=&#8220;3.0.48&#8243; background_size=&#8220;initial&#8220; background_position=&#8220;top_left&#8220; background_repeat=&#8220;repeat&#8220; width=&#8220;80%&#8220; max_width=&#8220;1080px&#8220;][et_pb_column type=&#8220;4_4&#8243;][et_pb_cta button_url=&#8220;mailto:info@combusiness.de&#8220; button_text=&#8220;info@combusiness.de&#8220; _builder_version=&#8220;3.19.5&#8243; header_font_size=&#8220;29px&#8220; header_font_size_tablet=&#8220;25px&#8220; header_font_size_phone=&#8220;20px&#8220; header_font_size_last_edited=&#8220;on|phone&#8220; header_line_height=&#8220;1.5em&#8220; custom_button=&#8220;on&#8220; button_use_icon=&#8220;off&#8220; button_text_size_phone=&#8220;13&#8243; button_text_size_last_edited=&#8220;on|phone&#8220;]<\/p>\n<h2 style=\"text-align: center;\">Einfach<\/h2>\n<h2 style=\"text-align: center;\">0208 &#8211; 45 19 300<\/h2>\n<h2 style=\"text-align: center;\">anrufen oder eine kurze Mail an:<\/h2>\n<p>[\/et_pb_cta][\/et_pb_column][\/et_pb_row][\/et_pb_section]<\/p>\n","protected":false},"excerpt":{"rendered":"<p>DEKRA-zertifizierte Datenl\u00f6schung\u00a0 DSGVO-konforme Datenl\u00f6schung f\u00fcr \u201ealte\u201c Smartphones &amp; TabletsUngenutzte Mobiltelefone und Tablets aus Verbands-, Betriebs- oder Mitarbeiterbestand sind doppelt wertvoll. Sie enthalten wichtige pers\u00f6nliche und Unternehmensdaten. Oft landen die Ger\u00e4te jedoch in Schubladen, auf Online-Verkaufsplattformen, zu Hause oder auf dem Flohmarkt. Gem\u00e4\u00df DSGVO drohen hohe Strafen und Abmahnungen, wenn auf einem mobilen Endger\u00e4t pers\u00f6nliche Daten [&hellip;]<\/p>\n","protected":false},"author":1,"featured_media":0,"parent":91,"menu_order":0,"comment_status":"closed","ping_status":"closed","template":"","meta":{"_et_pb_use_builder":"on","_et_pb_old_content":"","_et_gb_content_width":""},"yoast_head":"<!-- This site is optimized with the Yoast SEO plugin v19.9 - https:\/\/yoast.com\/wordpress\/plugins\/seo\/ -->\n<title>Datenl\u00f6schung Firmenhandys - DSGVO konform - ComBusiness<\/title>\n<meta name=\"description\" content=\"Ungenutzte Mobiltelefone und Tablets aus Betriebs- oder Mitarbeiterbestand sind doppelt wertvoll. Sie enthalten wichtige pers\u00f6nliche und Unternehmensdaten.\" \/>\n<meta name=\"robots\" content=\"index, follow, max-snippet:-1, max-image-preview:large, max-video-preview:-1\" \/>\n<link rel=\"canonical\" href=\"https:\/\/www.combusiness.de\/index.php\/loesungen\/datenloeschung-firmenhandys\/\" \/>\n<meta property=\"og:locale\" content=\"de_DE\" \/>\n<meta property=\"og:type\" content=\"article\" \/>\n<meta property=\"og:title\" content=\"Datenl\u00f6schung Firmenhandys - DSGVO konform - ComBusiness\" \/>\n<meta property=\"og:description\" content=\"Ungenutzte Mobiltelefone und Tablets aus Betriebs- oder Mitarbeiterbestand sind doppelt wertvoll. Sie enthalten wichtige pers\u00f6nliche und Unternehmensdaten.\" \/>\n<meta property=\"og:url\" content=\"https:\/\/www.combusiness.de\/index.php\/loesungen\/datenloeschung-firmenhandys\/\" \/>\n<meta property=\"og:site_name\" content=\"ComBusiness\" \/>\n<meta property=\"article:modified_time\" content=\"2019-12-18T10:28:55+00:00\" \/>\n<meta name=\"twitter:card\" content=\"summary_large_image\" \/>\n<meta name=\"twitter:label1\" content=\"Gesch\u00e4tzte Lesezeit\" \/>\n\t<meta name=\"twitter:data1\" content=\"6\u00a0Minuten\" \/>\n<script type=\"application\/ld+json\" class=\"yoast-schema-graph\">{\"@context\":\"https:\/\/schema.org\",\"@graph\":[{\"@type\":\"WebPage\",\"@id\":\"https:\/\/www.combusiness.de\/index.php\/loesungen\/datenloeschung-firmenhandys\/\",\"url\":\"https:\/\/www.combusiness.de\/index.php\/loesungen\/datenloeschung-firmenhandys\/\",\"name\":\"Datenl\u00f6schung Firmenhandys - DSGVO konform - ComBusiness\",\"isPartOf\":{\"@id\":\"https:\/\/www.combusiness.de\/#website\"},\"datePublished\":\"2018-08-14T22:26:50+00:00\",\"dateModified\":\"2019-12-18T10:28:55+00:00\",\"description\":\"Ungenutzte Mobiltelefone und Tablets aus Betriebs- oder Mitarbeiterbestand sind doppelt wertvoll. Sie enthalten wichtige pers\u00f6nliche und Unternehmensdaten.\",\"breadcrumb\":{\"@id\":\"https:\/\/www.combusiness.de\/index.php\/loesungen\/datenloeschung-firmenhandys\/#breadcrumb\"},\"inLanguage\":\"de\",\"potentialAction\":[{\"@type\":\"ReadAction\",\"target\":[\"https:\/\/www.combusiness.de\/index.php\/loesungen\/datenloeschung-firmenhandys\/\"]}]},{\"@type\":\"BreadcrumbList\",\"@id\":\"https:\/\/www.combusiness.de\/index.php\/loesungen\/datenloeschung-firmenhandys\/#breadcrumb\",\"itemListElement\":[{\"@type\":\"ListItem\",\"position\":1,\"name\":\"Startseite\",\"item\":\"https:\/\/www.combusiness.de\/\"},{\"@type\":\"ListItem\",\"position\":2,\"name\":\"L\u00f6sungen\",\"item\":\"https:\/\/www.combusiness.de\/index.php\/loesungen\/\"},{\"@type\":\"ListItem\",\"position\":3,\"name\":\"Datenl\u00f6schung Firmenhandys\"}]},{\"@type\":\"WebSite\",\"@id\":\"https:\/\/www.combusiness.de\/#website\",\"url\":\"https:\/\/www.combusiness.de\/\",\"name\":\"ComBusiness\",\"description\":\"Ihr Partner f\u00fcr Kommunikation\",\"publisher\":{\"@id\":\"https:\/\/www.combusiness.de\/#organization\"},\"potentialAction\":[{\"@type\":\"SearchAction\",\"target\":{\"@type\":\"EntryPoint\",\"urlTemplate\":\"https:\/\/www.combusiness.de\/?s={search_term_string}\"},\"query-input\":\"required name=search_term_string\"}],\"inLanguage\":\"de\"},{\"@type\":\"Organization\",\"@id\":\"https:\/\/www.combusiness.de\/#organization\",\"name\":\"ComBusiness\",\"url\":\"https:\/\/www.combusiness.de\/\",\"logo\":{\"@type\":\"ImageObject\",\"inLanguage\":\"de\",\"@id\":\"https:\/\/www.combusiness.de\/#\/schema\/logo\/image\/\",\"url\":\"https:\/\/www.combusiness.de\/wp-content\/uploads\/2018\/12\/Logo_ComBusiness-1.png\",\"contentUrl\":\"https:\/\/www.combusiness.de\/wp-content\/uploads\/2018\/12\/Logo_ComBusiness-1.png\",\"width\":493,\"height\":58,\"caption\":\"ComBusiness\"},\"image\":{\"@id\":\"https:\/\/www.combusiness.de\/#\/schema\/logo\/image\/\"}}]}<\/script>\n<!-- \/ Yoast SEO plugin. -->","yoast_head_json":{"title":"Datenl\u00f6schung Firmenhandys - DSGVO konform - ComBusiness","description":"Ungenutzte Mobiltelefone und Tablets aus Betriebs- oder Mitarbeiterbestand sind doppelt wertvoll. Sie enthalten wichtige pers\u00f6nliche und Unternehmensdaten.","robots":{"index":"index","follow":"follow","max-snippet":"max-snippet:-1","max-image-preview":"max-image-preview:large","max-video-preview":"max-video-preview:-1"},"canonical":"https:\/\/www.combusiness.de\/index.php\/loesungen\/datenloeschung-firmenhandys\/","og_locale":"de_DE","og_type":"article","og_title":"Datenl\u00f6schung Firmenhandys - DSGVO konform - ComBusiness","og_description":"Ungenutzte Mobiltelefone und Tablets aus Betriebs- oder Mitarbeiterbestand sind doppelt wertvoll. Sie enthalten wichtige pers\u00f6nliche und Unternehmensdaten.","og_url":"https:\/\/www.combusiness.de\/index.php\/loesungen\/datenloeschung-firmenhandys\/","og_site_name":"ComBusiness","article_modified_time":"2019-12-18T10:28:55+00:00","twitter_card":"summary_large_image","twitter_misc":{"Gesch\u00e4tzte Lesezeit":"6\u00a0Minuten"},"schema":{"@context":"https:\/\/schema.org","@graph":[{"@type":"WebPage","@id":"https:\/\/www.combusiness.de\/index.php\/loesungen\/datenloeschung-firmenhandys\/","url":"https:\/\/www.combusiness.de\/index.php\/loesungen\/datenloeschung-firmenhandys\/","name":"Datenl\u00f6schung Firmenhandys - DSGVO konform - ComBusiness","isPartOf":{"@id":"https:\/\/www.combusiness.de\/#website"},"datePublished":"2018-08-14T22:26:50+00:00","dateModified":"2019-12-18T10:28:55+00:00","description":"Ungenutzte Mobiltelefone und Tablets aus Betriebs- oder Mitarbeiterbestand sind doppelt wertvoll. Sie enthalten wichtige pers\u00f6nliche und Unternehmensdaten.","breadcrumb":{"@id":"https:\/\/www.combusiness.de\/index.php\/loesungen\/datenloeschung-firmenhandys\/#breadcrumb"},"inLanguage":"de","potentialAction":[{"@type":"ReadAction","target":["https:\/\/www.combusiness.de\/index.php\/loesungen\/datenloeschung-firmenhandys\/"]}]},{"@type":"BreadcrumbList","@id":"https:\/\/www.combusiness.de\/index.php\/loesungen\/datenloeschung-firmenhandys\/#breadcrumb","itemListElement":[{"@type":"ListItem","position":1,"name":"Startseite","item":"https:\/\/www.combusiness.de\/"},{"@type":"ListItem","position":2,"name":"L\u00f6sungen","item":"https:\/\/www.combusiness.de\/index.php\/loesungen\/"},{"@type":"ListItem","position":3,"name":"Datenl\u00f6schung Firmenhandys"}]},{"@type":"WebSite","@id":"https:\/\/www.combusiness.de\/#website","url":"https:\/\/www.combusiness.de\/","name":"ComBusiness","description":"Ihr Partner f\u00fcr Kommunikation","publisher":{"@id":"https:\/\/www.combusiness.de\/#organization"},"potentialAction":[{"@type":"SearchAction","target":{"@type":"EntryPoint","urlTemplate":"https:\/\/www.combusiness.de\/?s={search_term_string}"},"query-input":"required name=search_term_string"}],"inLanguage":"de"},{"@type":"Organization","@id":"https:\/\/www.combusiness.de\/#organization","name":"ComBusiness","url":"https:\/\/www.combusiness.de\/","logo":{"@type":"ImageObject","inLanguage":"de","@id":"https:\/\/www.combusiness.de\/#\/schema\/logo\/image\/","url":"https:\/\/www.combusiness.de\/wp-content\/uploads\/2018\/12\/Logo_ComBusiness-1.png","contentUrl":"https:\/\/www.combusiness.de\/wp-content\/uploads\/2018\/12\/Logo_ComBusiness-1.png","width":493,"height":58,"caption":"ComBusiness"},"image":{"@id":"https:\/\/www.combusiness.de\/#\/schema\/logo\/image\/"}}]}},"_links":{"self":[{"href":"https:\/\/www.combusiness.de\/index.php\/wp-json\/wp\/v2\/pages\/144"}],"collection":[{"href":"https:\/\/www.combusiness.de\/index.php\/wp-json\/wp\/v2\/pages"}],"about":[{"href":"https:\/\/www.combusiness.de\/index.php\/wp-json\/wp\/v2\/types\/page"}],"author":[{"embeddable":true,"href":"https:\/\/www.combusiness.de\/index.php\/wp-json\/wp\/v2\/users\/1"}],"replies":[{"embeddable":true,"href":"https:\/\/www.combusiness.de\/index.php\/wp-json\/wp\/v2\/comments?post=144"}],"version-history":[{"count":22,"href":"https:\/\/www.combusiness.de\/index.php\/wp-json\/wp\/v2\/pages\/144\/revisions"}],"predecessor-version":[{"id":2002,"href":"https:\/\/www.combusiness.de\/index.php\/wp-json\/wp\/v2\/pages\/144\/revisions\/2002"}],"up":[{"embeddable":true,"href":"https:\/\/www.combusiness.de\/index.php\/wp-json\/wp\/v2\/pages\/91"}],"wp:attachment":[{"href":"https:\/\/www.combusiness.de\/index.php\/wp-json\/wp\/v2\/media?parent=144"}],"curies":[{"name":"wp","href":"https:\/\/api.w.org\/{rel}","templated":true}]}}