{"id":161,"date":"2018-08-15T00:32:10","date_gmt":"2018-08-14T22:32:10","guid":{"rendered":"http:\/\/lp.cb.schummelschinken.de\/?page_id=161"},"modified":"2024-09-24T22:56:00","modified_gmt":"2024-09-24T20:56:00","slug":"kundenstimmen","status":"publish","type":"page","link":"https:\/\/www.combusiness.de\/index.php\/kundenstimmen\/","title":{"rendered":"Kundenstimmen"},"content":{"rendered":"<p>[et_pb_section fb_built=&#8220;1&#8243; admin_label=&#8220;Case Study Text&#8220; _builder_version=&#8220;4.16&#8243; background_image=&#8220;https:\/\/www.combusiness.de\/wp-content\/uploads\/2019\/01\/adam-jang-260876-unsplash.jpg&#8220; parallax=&#8220;on&#8220; custom_margin=&#8220;|||&#8220; custom_padding=&#8220;||||false|false&#8220; custom_css_main_element=&#8220;height: 500px;&#8220; global_colors_info=&#8220;{}&#8220;][et_pb_row _builder_version=&#8220;4.16&#8243; custom_padding=&#8220;0|0px|27px|0px|false|false&#8220; global_colors_info=&#8220;{}&#8220;][\/et_pb_row][\/et_pb_section][et_pb_section fb_built=&#8220;1&#8243; _builder_version=&#8220;4.16&#8243; custom_padding=&#8220;0|0px|54px|0px|false|false&#8220; global_colors_info=&#8220;{}&#8220;][et_pb_row _builder_version=&#8220;4.16&#8243; global_colors_info=&#8220;{}&#8220;][et_pb_column type=&#8220;4_4&#8243; _builder_version=&#8220;4.16&#8243; custom_padding=&#8220;|||&#8220; global_colors_info=&#8220;{}&#8220; custom_padding__hover=&#8220;|||&#8220;][et_pb_text _builder_version=&#8220;4.16&#8243; text_font=&#8220;Montserrat|500||on|||||&#8220; text_text_color=&#8220;#595959&#8243; text_font_size=&#8220;16px&#8220; text_letter_spacing=&#8220;3px&#8220; custom_margin=&#8220;20px|||&#8220; animation_style=&#8220;slide&#8220; animation_direction=&#8220;bottom&#8220; saved_tabs=&#8220;all&#8220; locked=&#8220;off&#8220; global_colors_info=&#8220;{}&#8220;]<\/p>\n<p><em>&#8222;Ich finde, das war wirklich ein top Service&#8220;<\/em><\/p>\n<p>[\/et_pb_text][et_pb_text _builder_version=&#8220;4.16&#8243; global_colors_info=&#8220;{}&#8220;]<\/p>\n<h2><span style=\"font-size: xx-large;\"><strong>Das sagen unsere Kunden<\/strong><\/span><\/h2>\n<p>[\/et_pb_text][et_pb_text _builder_version=&#8220;4.16&#8243; text_font=&#8220;Montserrat||||&#8220; text_text_color=&#8220;#4c4c4c&#8220; text_font_size=&#8220;16px&#8220; text_line_height=&#8220;1.8em&#8220; custom_padding=&#8220;|10%||&#8220; global_colors_info=&#8220;{}&#8220;]<\/p>\n<p>\u00a0&#8222;<span style=\"font-size: 16px;\">&#8230; und ich muss sagen, ich war begeistert: Statt in einer Warteschleife zu landen und mein Anliegen 5x\u00a0verschiedenen Ansprechpartnern immer wieder erl\u00e4utern zu m\u00fcssen, klappte die Kommunikation mit\u00a0ComBusiness hervorragend.<\/span><\/p>\n<p>ComBusiness hat sich um alles gek\u00fcmmert und genau gesagt, was wir selbst k\u00fcndigen m\u00fcssen, welchen Vertrag\u00a0sie f\u00fcr uns umstellen bzw. k\u00fcndigen k\u00f6nnen etc. Und f\u00fcr den halben Tag, an dem dann alles umgestellt wurde,\u00a0hat ComBusiness unsere Firmenerreichbarkeit \u00fcber das Handy gew\u00e4hrleistet.<\/p>\n<p>Ich finde, das war wirklich ein top Service. Wir sparen nun fast 100,- EUR im Monat ein! Und das Beste: die\u00a0ganze Aktion war f\u00fcr uns komplett kostenlos. Als n\u00e4chstes werden wir auch die Handytarife (auch unsere\u00a0privaten) \u00fcberpr\u00fcfen lassen.\u201c<\/p>\n<p>[\/et_pb_text][\/et_pb_column][\/et_pb_row][\/et_pb_section][et_pb_section fb_built=&#8220;1&#8243; fullwidth=&#8220;on&#8220; _builder_version=&#8220;4.16&#8243; global_colors_info=&#8220;{}&#8220;][et_pb_fullwidth_slider _builder_version=&#8220;4.16&#8243; global_colors_info=&#8220;{}&#8220;][et_pb_slide heading=&#8220;%22Der Service ist sehr gut!%22&#8243; use_bg_overlay=&#8220;off&#8220; use_text_overlay=&#8220;off&#8220; _builder_version=&#8220;4.16&#8243; button_on_hover=&#8220;on&#8220; global_colors_info=&#8220;{}&#8220; sticky_transition=&#8220;on&#8220;]<\/p>\n<p>&nbsp;<\/p>\n<p>Telefonauskunft, Beratung ist kompetent, der Schriftverkehr \u00fcbersichtlich, die\u00a0Umsetzung der Antr\u00e4ge und Abwicklung sorgf\u00e4ltig! Weiter so &#8211; kann ich nur empfehlen.&#8220;<\/p>\n<p><em>Harald K\u00f6nig, Zimmermann + K\u00f6nig GmbH &amp; Co. KG, Metallbau, Fassadenbau, Hallenbau, Ingenieurb\u00fcro<\/em><\/p>\n<p>[\/et_pb_slide][et_pb_slide heading=&#8220;%22Wir werden Sie weiterempfehlen!%22&#8243; use_bg_overlay=&#8220;off&#8220; use_text_overlay=&#8220;off&#8220; _builder_version=&#8220;4.16&#8243; button_on_hover=&#8220;on&#8220; global_colors_info=&#8220;{}&#8220; sticky_transition=&#8220;on&#8220;]<\/p>\n<p>&nbsp;<\/p>\n<p>Danke. S\u00e4mtliche Formalit\u00e4ten und die ganze Abwicklung haben reibungslos funktioniert. Auch f\u00fcr unsere manchmal verz\u00f6gerten Antworten, die sich aufgrund des Bestatteralltags leider nicht vermeiden lassen, hatten Sie jederzeit Verst\u00e4ndnis. Wir werden Sie bei uns bekannten Bestatterkollegen gerne weiterempfehlen.<\/p>\n<p><em>Gaby Krizancic, Bestattungen Kr\u00edzancic<\/em>[\/et_pb_slide][et_pb_slide heading=&#8220;%22Alles erledigt!%22&#8243; use_bg_overlay=&#8220;off&#8220; use_text_overlay=&#8220;off&#8220; _builder_version=&#8220;4.16&#8243; button_on_hover=&#8220;on&#8220; global_colors_info=&#8220;{}&#8220; sticky_transition=&#8220;on&#8220;]<\/p>\n<p>&nbsp;<\/p>\n<p>Sie kennen den alten lateinischen Satz: Cum tacent consentire. Wenn man schweigt, stimmt alles. In diesem Sinne Danke f\u00fcr die Nachfrage. Alles erledigt.<\/p>\n<p><em>Oliver Wirthmann, ehem. GF Kuratorium Deutsche Bestattungskultur e. V.<\/em><\/p>\n<p>[\/et_pb_slide][et_pb_slide heading=&#8220;%22100 Euro im Monat gespart.%22&#8243; use_bg_overlay=&#8220;off&#8220; use_text_overlay=&#8220;off&#8220; _builder_version=&#8220;4.16&#8243; button_on_hover=&#8220;on&#8220; global_colors_info=&#8220;{}&#8220; sticky_transition=&#8220;on&#8220;]<\/p>\n<p>&nbsp;<\/p>\n<p>Statt in einer Warteschleife zu landen und mein Anliegen 5x verschiedenen Ansprechpartnern immer wieder erl\u00e4utern zu m\u00fcssen, hat sich ComBusiness hervorragend um alles gek\u00fcmmert. Und f\u00fcr den halben Tag, an dem dann alles umgestellt wurde, hat ComBusiness unsere Firmenerreichbarkeit \u00fcber das Handy gew\u00e4hrleistet. Das war wirklich ein top Service. Wir sparen nun fast 100 EUR im Monat ein! Und das Beste: die ganze Aktion war f\u00fcr uns komplett kostenlos.\u201c<\/p>\n<p><em>Kerstin Zessin von MAB Maschinen- und Aggregatebau GmbH<\/em><\/p>\n<p>&nbsp;<\/p>\n<p>[\/et_pb_slide][\/et_pb_fullwidth_slider][\/et_pb_section][et_pb_section fb_built=&#8220;1&#8243; _builder_version=&#8220;4.16&#8243; global_colors_info=&#8220;{}&#8220;][et_pb_row _builder_version=&#8220;4.16&#8243; global_colors_info=&#8220;{}&#8220;][et_pb_column type=&#8220;4_4&#8243; _builder_version=&#8220;4.16&#8243; custom_padding=&#8220;|||&#8220; global_colors_info=&#8220;{}&#8220; custom_padding__hover=&#8220;|||&#8220;][et_pb_text _builder_version=&#8220;4.16&#8243; global_colors_info=&#8220;{}&#8220;]<\/p>\n<h1>Betreute Verb\u00e4nde<\/h1>\n<p>[\/et_pb_text][et_pb_gallery gallery_ids=&#8220;1928,1931,1930,1929,1935,1936,1937,1939,1940,1941,2162,2161,2160&#8243; posts_number=&#8220;13&#8243; show_title_and_caption=&#8220;off&#8220; show_pagination=&#8220;off&#8220; _builder_version=&#8220;4.18.1&#8243; hover_enabled=&#8220;0&#8243; global_colors_info=&#8220;{}&#8220; db_image_max_width_tablet=&#8220;51&#8243; db_image_max_height_tablet=&#8220;501&#8243; db_image_row_spacing_tablet=&#8220;51&#8243; sticky_enabled=&#8220;0&#8243;][\/et_pb_gallery][\/et_pb_column][\/et_pb_row][\/et_pb_section]<\/p>\n","protected":false},"excerpt":{"rendered":"<p>&#8222;Ich finde, das war wirklich ein top Service&#8220; Das sagen unsere Kunden \u00a0&#8222;&#8230; und ich muss sagen, ich war begeistert: Statt in einer Warteschleife zu landen und mein Anliegen 5x\u00a0verschiedenen Ansprechpartnern immer wieder erl\u00e4utern zu m\u00fcssen, klappte die Kommunikation mit\u00a0ComBusiness hervorragend. ComBusiness hat sich um alles gek\u00fcmmert und genau gesagt, was wir selbst k\u00fcndigen m\u00fcssen, [&hellip;]<\/p>\n","protected":false},"author":1,"featured_media":0,"parent":0,"menu_order":0,"comment_status":"closed","ping_status":"closed","template":"","meta":{"_et_pb_use_builder":"on","_et_pb_old_content":"","_et_gb_content_width":""},"yoast_head":"<!-- This site is optimized with the Yoast SEO plugin v19.9 - https:\/\/yoast.com\/wordpress\/plugins\/seo\/ -->\n<title>Kundenstimmen - \u201eDas war wirklich ein top Service\u201c - ComBusiness<\/title>\n<meta name=\"description\" content=\"Und ich muss sagen, ich war begeistert: Statt in einer Warteschleife zu landen klappte die Kommunikation mit ComBusiness hervorragend.\" \/>\n<meta name=\"robots\" content=\"index, follow, max-snippet:-1, max-image-preview:large, max-video-preview:-1\" \/>\n<link rel=\"canonical\" href=\"https:\/\/www.combusiness.de\/index.php\/kundenstimmen\/\" \/>\n<meta property=\"og:locale\" content=\"de_DE\" \/>\n<meta property=\"og:type\" content=\"article\" \/>\n<meta property=\"og:title\" content=\"Kundenstimmen - \u201eDas war wirklich ein top Service\u201c - ComBusiness\" \/>\n<meta property=\"og:description\" content=\"Und ich muss sagen, ich war begeistert: Statt in einer Warteschleife zu landen klappte die Kommunikation mit ComBusiness hervorragend.\" \/>\n<meta property=\"og:url\" content=\"https:\/\/www.combusiness.de\/index.php\/kundenstimmen\/\" \/>\n<meta property=\"og:site_name\" content=\"ComBusiness\" \/>\n<meta property=\"article:modified_time\" content=\"2024-09-24T20:56:00+00:00\" \/>\n<meta name=\"twitter:card\" content=\"summary_large_image\" \/>\n<meta name=\"twitter:label1\" content=\"Gesch\u00e4tzte Lesezeit\" \/>\n\t<meta name=\"twitter:data1\" content=\"4\u00a0Minuten\" \/>\n<script type=\"application\/ld+json\" class=\"yoast-schema-graph\">{\"@context\":\"https:\/\/schema.org\",\"@graph\":[{\"@type\":\"WebPage\",\"@id\":\"https:\/\/www.combusiness.de\/index.php\/kundenstimmen\/\",\"url\":\"https:\/\/www.combusiness.de\/index.php\/kundenstimmen\/\",\"name\":\"Kundenstimmen - \u201eDas war wirklich ein top Service\u201c - ComBusiness\",\"isPartOf\":{\"@id\":\"https:\/\/www.combusiness.de\/#website\"},\"datePublished\":\"2018-08-14T22:32:10+00:00\",\"dateModified\":\"2024-09-24T20:56:00+00:00\",\"description\":\"Und ich muss sagen, ich war begeistert: Statt in einer Warteschleife zu landen klappte die Kommunikation mit ComBusiness hervorragend.\",\"breadcrumb\":{\"@id\":\"https:\/\/www.combusiness.de\/index.php\/kundenstimmen\/#breadcrumb\"},\"inLanguage\":\"de\",\"potentialAction\":[{\"@type\":\"ReadAction\",\"target\":[\"https:\/\/www.combusiness.de\/index.php\/kundenstimmen\/\"]}]},{\"@type\":\"BreadcrumbList\",\"@id\":\"https:\/\/www.combusiness.de\/index.php\/kundenstimmen\/#breadcrumb\",\"itemListElement\":[{\"@type\":\"ListItem\",\"position\":1,\"name\":\"Startseite\",\"item\":\"https:\/\/www.combusiness.de\/\"},{\"@type\":\"ListItem\",\"position\":2,\"name\":\"Kundenstimmen\"}]},{\"@type\":\"WebSite\",\"@id\":\"https:\/\/www.combusiness.de\/#website\",\"url\":\"https:\/\/www.combusiness.de\/\",\"name\":\"ComBusiness\",\"description\":\"Ihr Partner f\u00fcr Kommunikation\",\"publisher\":{\"@id\":\"https:\/\/www.combusiness.de\/#organization\"},\"potentialAction\":[{\"@type\":\"SearchAction\",\"target\":{\"@type\":\"EntryPoint\",\"urlTemplate\":\"https:\/\/www.combusiness.de\/?s={search_term_string}\"},\"query-input\":\"required name=search_term_string\"}],\"inLanguage\":\"de\"},{\"@type\":\"Organization\",\"@id\":\"https:\/\/www.combusiness.de\/#organization\",\"name\":\"ComBusiness\",\"url\":\"https:\/\/www.combusiness.de\/\",\"logo\":{\"@type\":\"ImageObject\",\"inLanguage\":\"de\",\"@id\":\"https:\/\/www.combusiness.de\/#\/schema\/logo\/image\/\",\"url\":\"https:\/\/www.combusiness.de\/wp-content\/uploads\/2018\/12\/Logo_ComBusiness-1.png\",\"contentUrl\":\"https:\/\/www.combusiness.de\/wp-content\/uploads\/2018\/12\/Logo_ComBusiness-1.png\",\"width\":493,\"height\":58,\"caption\":\"ComBusiness\"},\"image\":{\"@id\":\"https:\/\/www.combusiness.de\/#\/schema\/logo\/image\/\"}}]}<\/script>\n<!-- \/ Yoast SEO plugin. -->","yoast_head_json":{"title":"Kundenstimmen - \u201eDas war wirklich ein top Service\u201c - ComBusiness","description":"Und ich muss sagen, ich war begeistert: Statt in einer Warteschleife zu landen klappte die Kommunikation mit ComBusiness hervorragend.","robots":{"index":"index","follow":"follow","max-snippet":"max-snippet:-1","max-image-preview":"max-image-preview:large","max-video-preview":"max-video-preview:-1"},"canonical":"https:\/\/www.combusiness.de\/index.php\/kundenstimmen\/","og_locale":"de_DE","og_type":"article","og_title":"Kundenstimmen - \u201eDas war wirklich ein top Service\u201c - ComBusiness","og_description":"Und ich muss sagen, ich war begeistert: Statt in einer Warteschleife zu landen klappte die Kommunikation mit ComBusiness hervorragend.","og_url":"https:\/\/www.combusiness.de\/index.php\/kundenstimmen\/","og_site_name":"ComBusiness","article_modified_time":"2024-09-24T20:56:00+00:00","twitter_card":"summary_large_image","twitter_misc":{"Gesch\u00e4tzte Lesezeit":"4\u00a0Minuten"},"schema":{"@context":"https:\/\/schema.org","@graph":[{"@type":"WebPage","@id":"https:\/\/www.combusiness.de\/index.php\/kundenstimmen\/","url":"https:\/\/www.combusiness.de\/index.php\/kundenstimmen\/","name":"Kundenstimmen - \u201eDas war wirklich ein top Service\u201c - ComBusiness","isPartOf":{"@id":"https:\/\/www.combusiness.de\/#website"},"datePublished":"2018-08-14T22:32:10+00:00","dateModified":"2024-09-24T20:56:00+00:00","description":"Und ich muss sagen, ich war begeistert: Statt in einer Warteschleife zu landen klappte die Kommunikation mit ComBusiness hervorragend.","breadcrumb":{"@id":"https:\/\/www.combusiness.de\/index.php\/kundenstimmen\/#breadcrumb"},"inLanguage":"de","potentialAction":[{"@type":"ReadAction","target":["https:\/\/www.combusiness.de\/index.php\/kundenstimmen\/"]}]},{"@type":"BreadcrumbList","@id":"https:\/\/www.combusiness.de\/index.php\/kundenstimmen\/#breadcrumb","itemListElement":[{"@type":"ListItem","position":1,"name":"Startseite","item":"https:\/\/www.combusiness.de\/"},{"@type":"ListItem","position":2,"name":"Kundenstimmen"}]},{"@type":"WebSite","@id":"https:\/\/www.combusiness.de\/#website","url":"https:\/\/www.combusiness.de\/","name":"ComBusiness","description":"Ihr Partner f\u00fcr Kommunikation","publisher":{"@id":"https:\/\/www.combusiness.de\/#organization"},"potentialAction":[{"@type":"SearchAction","target":{"@type":"EntryPoint","urlTemplate":"https:\/\/www.combusiness.de\/?s={search_term_string}"},"query-input":"required name=search_term_string"}],"inLanguage":"de"},{"@type":"Organization","@id":"https:\/\/www.combusiness.de\/#organization","name":"ComBusiness","url":"https:\/\/www.combusiness.de\/","logo":{"@type":"ImageObject","inLanguage":"de","@id":"https:\/\/www.combusiness.de\/#\/schema\/logo\/image\/","url":"https:\/\/www.combusiness.de\/wp-content\/uploads\/2018\/12\/Logo_ComBusiness-1.png","contentUrl":"https:\/\/www.combusiness.de\/wp-content\/uploads\/2018\/12\/Logo_ComBusiness-1.png","width":493,"height":58,"caption":"ComBusiness"},"image":{"@id":"https:\/\/www.combusiness.de\/#\/schema\/logo\/image\/"}}]}},"_links":{"self":[{"href":"https:\/\/www.combusiness.de\/index.php\/wp-json\/wp\/v2\/pages\/161"}],"collection":[{"href":"https:\/\/www.combusiness.de\/index.php\/wp-json\/wp\/v2\/pages"}],"about":[{"href":"https:\/\/www.combusiness.de\/index.php\/wp-json\/wp\/v2\/types\/page"}],"author":[{"embeddable":true,"href":"https:\/\/www.combusiness.de\/index.php\/wp-json\/wp\/v2\/users\/1"}],"replies":[{"embeddable":true,"href":"https:\/\/www.combusiness.de\/index.php\/wp-json\/wp\/v2\/comments?post=161"}],"version-history":[{"count":42,"href":"https:\/\/www.combusiness.de\/index.php\/wp-json\/wp\/v2\/pages\/161\/revisions"}],"predecessor-version":[{"id":2163,"href":"https:\/\/www.combusiness.de\/index.php\/wp-json\/wp\/v2\/pages\/161\/revisions\/2163"}],"wp:attachment":[{"href":"https:\/\/www.combusiness.de\/index.php\/wp-json\/wp\/v2\/media?parent=161"}],"curies":[{"name":"wp","href":"https:\/\/api.w.org\/{rel}","templated":true}]}}