{"id":320,"date":"2018-11-03T22:58:00","date_gmt":"2018-11-03T21:58:00","guid":{"rendered":"http:\/\/lp.cb.schummelschinken.de\/?page_id=320"},"modified":"2024-09-23T15:47:19","modified_gmt":"2024-09-23T13:47:19","slug":"impressum","status":"publish","type":"page","link":"https:\/\/www.combusiness.de\/index.php\/impressum\/","title":{"rendered":"Impressum"},"content":{"rendered":"<p>[et_pb_section fb_built=&#8220;1&#8243; _builder_version=&#8220;4.18.1&#8243; background_image=&#8220;https:\/\/www.combusiness.de\/wp-content\/uploads\/2019\/01\/imprint.jpg&#8220; parallax=&#8220;on&#8220; custom_css_main_element=&#8220;height: 500px;&#8220; collapsed=&#8220;off&#8220; global_colors_info=&#8220;{}&#8220;][et_pb_row _builder_version=&#8220;4.18.1&#8243; background_size=&#8220;initial&#8220; background_position=&#8220;top_left&#8220; background_repeat=&#8220;repeat&#8220; global_colors_info=&#8220;{}&#8220;][et_pb_column type=&#8220;4_4&#8243; _builder_version=&#8220;4.16&#8243; custom_padding=&#8220;|||&#8220; global_colors_info=&#8220;{}&#8220; custom_padding__hover=&#8220;|||&#8220;][\/et_pb_column][\/et_pb_row][\/et_pb_section][et_pb_section fb_built=&#8220;1&#8243; _builder_version=&#8220;4.18.1&#8243; background_image=&#8220;https:\/\/www.combusiness.de\/wp-content\/uploads\/2018\/08\/background-texture.jpg&#8220; background_blend=&#8220;multiply&#8220; custom_padding=&#8220;0|0px|0|0px|false|false&#8220; animation_style=&#8220;zoom&#8220; animation_intensity_zoom=&#8220;4%&#8220; global_colors_info=&#8220;{}&#8220;][et_pb_row _builder_version=&#8220;4.16&#8243; background_size=&#8220;initial&#8220; background_position=&#8220;top_left&#8220; background_repeat=&#8220;repeat&#8220; background_blend=&#8220;multiply&#8220; custom_padding=&#8220;|||&#8220; animation_style=&#8220;slide&#8220; animation_direction=&#8220;top&#8220; animation_intensity_slide=&#8220;3%&#8220; global_colors_info=&#8220;{}&#8220;][et_pb_column type=&#8220;4_4&#8243; _builder_version=&#8220;4.16&#8243; custom_padding=&#8220;|||&#8220; global_colors_info=&#8220;{}&#8220; custom_padding__hover=&#8220;|||&#8220;][et_pb_text _builder_version=&#8220;4.18.1&#8243; text_font=&#8220;Montserrat|500||on|||||&#8220; text_text_color=&#8220;#595959&#8243; text_font_size=&#8220;16px&#8220; text_letter_spacing=&#8220;3px&#8220; custom_margin=&#8220;20px|||&#8220; animation_style=&#8220;slide&#8220; animation_direction=&#8220;bottom&#8220; hover_enabled=&#8220;0&#8243; saved_tabs=&#8220;all&#8220; locked=&#8220;off&#8220; global_colors_info=&#8220;{}&#8220; sticky_enabled=&#8220;0&#8243;]<\/p>\n<p>ComBusiness Service GbR | Barbara Str. 22 | 46047 Oberhausen<\/p>\n<p>[\/et_pb_text][et_pb_text _builder_version=&#8220;4.16&#8243; header_font=&#8220;Montserrat|600|||||||dotted&#8220; header_text_color=&#8220;#353740&#8243; header_line_height=&#8220;1.3em&#8220; background_size=&#8220;initial&#8220; background_position=&#8220;top_left&#8220; background_repeat=&#8220;repeat&#8220; custom_margin=&#8220;|||&#8220; animation_style=&#8220;fade&#8220; header_font_size_last_edited=&#8220;off|desktop&#8220; locked=&#8220;off&#8220; global_colors_info=&#8220;{}&#8220;]<\/p>\n<h1>Impressum<\/h1>\n<p>[\/et_pb_text][\/et_pb_column][\/et_pb_row][\/et_pb_section][et_pb_section fb_built=&#8220;1&#8243; admin_label=&#8220;Contact Section&#8220; _builder_version=&#8220;4.16&#8243; custom_padding=&#8220;0||110px||false|false&#8220; global_colors_info=&#8220;{}&#8220;][et_pb_row _builder_version=&#8220;4.16&#8243; global_colors_info=&#8220;{}&#8220;][et_pb_column type=&#8220;4_4&#8243; _builder_version=&#8220;4.16&#8243; custom_padding=&#8220;|||&#8220; global_colors_info=&#8220;{}&#8220; custom_padding__hover=&#8220;|||&#8220;][et_pb_text _builder_version=&#8220;4.16&#8243; global_colors_info=&#8220;{}&#8220;]<\/p>\n<p><strong>ComBusiness Service GbR<br \/><\/strong><\/p>\n<p>Gernot Moll und Sebastian Tomazin<\/p>\n<p>Barbara Str. 22<\/p>\n<p>46047 Oberhausen<\/p>\n<p>&nbsp;<\/p>\n<p><strong>Tel:<\/strong> 0208-4519300<\/p>\n<p><strong>Fax:<\/strong> 0208-45193010<\/p>\n<p><strong>E-Mail:<\/strong> info@combusiness.de<\/p>\n<p>&nbsp;<\/p>\n<p><strong>USt.ID-Nr.:<\/strong> DE 256 317 389<\/p>\n<p>Finanzamt Oberhausen S\u00fcd<\/p>\n<p>&nbsp;<\/p>\n<p><strong>Inhaltlich verantwortlich gem\u00e4\u00df \u00a7 5 Telemediengesetz:<\/strong><\/p>\n<p>Gernot Moll<\/p>\n<p>&nbsp;<\/p>\n<p><strong>Disclaimer<\/strong><strong>\u00a0<\/strong><\/p>\n<p><strong>Produkthaftung<\/strong><strong>\u00a0<\/strong><\/p>\n<p>Die Informationen auf diesen Webseiten sowie die in diesen Informationen beschriebenen Produkte und Dienstleistungen k\u00f6nnen ohne vorherige Ank\u00fcndigung von der ComBusiness jederzeit ge\u00e4ndert oder aktualisiert werden. Soweit nicht ausdr\u00fccklich anderweitig erkl\u00e4rt, enthalten die Webseiten der ComBusiness keinerlei Zusicherungen oder Gew\u00e4hrleistungen &#8211; ausdr\u00fccklich oder stillschweigend &#8211; auch nicht hinsichtlich der Aktualit\u00e4t, Korrektheit, Vollst\u00e4ndigkeit und Qualit\u00e4t der Informationen.<\/p>\n<p>F\u00fcr die Begr\u00fcndung und Einhaltung von Verpflichtungen sowie die Haftung der ComBusiness f\u00fcr ihre Produkte und Dienstleistungen sind ausschlie\u00dflich die jeweils \u00fcber sie abgeschlossenen vertraglichen Vereinbarungen unter Einbeziehung der Allgemeinen Gesch\u00e4ftsbedingungen der ComBusiness ma\u00dfgeblich. Die Informationen auf diesen Webseiten sind unverbindlich und werden ausschliesslich zu Informationszwecken zur Verf\u00fcgung gestellt. Au\u00dfer im Rahmen der Allgemeinen Gesch\u00e4ftsbeziehungen der ComBusiness sind Gew\u00e4hrleistungen, Zusicherungen oder eine Haftung ausgeschlossen.<\/p>\n<p><strong>Copyright<\/strong><\/p>\n<p>Alle Elemente (Texte, Bilder, Grafiken, Animationen, etc.) dieser Webseite, sowie das Layout und das Design der Webseite, sind urheberrechtlich gesch\u00fctzt und d\u00fcrfen ohne schriftliche Genehmigung weder ganz noch teilweise vervielf\u00e4ltigt, weitergegeben, verbreitet oder gespeichert werden.<\/p>\n<p><strong>Bildnachweis<\/strong><\/p>\n<p>Combusiness<br \/>Stockphotos by Unsplash\u00a0 | Pixabay<\/p>\n<p><strong>Sicherheitshinweis<\/strong><\/p>\n<p>Wir weisen darauf hin, dass die Daten\u00fcbertragung im Internet und insbesondere die Kommunikation per E-Mail Sicherheitsl\u00fccken aufweisen kann. Ein l\u00fcckenloser Schutz der Daten vor dem Zugriff durch Dritte ist weder uns noch Ihnen m\u00f6glich.<\/p>\n<p>[\/et_pb_text][\/et_pb_column][\/et_pb_row][\/et_pb_section]<\/p>\n","protected":false},"excerpt":{"rendered":"<p>ComBusiness Service GbR | Barbara Str. 22 | 46047 OberhausenImpressum ComBusiness Service GbR Gernot Moll und Sebastian Tomazin Barbara Str. 22 46047 Oberhausen &nbsp; Tel: 0208-4519300 Fax: 0208-45193010 E-Mail: info@combusiness.de &nbsp; USt.ID-Nr.: DE 256 317 389 Finanzamt Oberhausen S\u00fcd &nbsp; Inhaltlich verantwortlich gem\u00e4\u00df \u00a7 5 Telemediengesetz: Gernot Moll &nbsp; Disclaimer\u00a0 Produkthaftung\u00a0 Die Informationen auf diesen [&hellip;]<\/p>\n","protected":false},"author":1,"featured_media":0,"parent":0,"menu_order":0,"comment_status":"closed","ping_status":"closed","template":"","meta":{"_et_pb_use_builder":"on","_et_pb_old_content":"","_et_gb_content_width":""},"yoast_head":"<!-- This site is optimized with the Yoast SEO plugin v19.9 - https:\/\/yoast.com\/wordpress\/plugins\/seo\/ -->\n<title>Impressum - ComBusiness<\/title>\n<meta name=\"robots\" content=\"index, follow, max-snippet:-1, max-image-preview:large, max-video-preview:-1\" \/>\n<link rel=\"canonical\" href=\"https:\/\/www.combusiness.de\/index.php\/impressum\/\" \/>\n<meta property=\"og:locale\" content=\"de_DE\" \/>\n<meta property=\"og:type\" content=\"article\" \/>\n<meta property=\"og:title\" content=\"Impressum - ComBusiness\" \/>\n<meta property=\"og:description\" content=\"ComBusiness Service GbR | Barbara Str. 22 | 46047 OberhausenImpressum ComBusiness Service GbR Gernot Moll und Sebastian Tomazin Barbara Str. 22 46047 Oberhausen &nbsp; Tel: 0208-4519300 Fax: 0208-45193010 E-Mail: info@combusiness.de &nbsp; USt.ID-Nr.: DE 256 317 389 Finanzamt Oberhausen S\u00fcd &nbsp; Inhaltlich verantwortlich gem\u00e4\u00df \u00a7 5 Telemediengesetz: Gernot Moll &nbsp; Disclaimer\u00a0 Produkthaftung\u00a0 Die Informationen auf diesen [&hellip;]\" \/>\n<meta property=\"og:url\" content=\"https:\/\/www.combusiness.de\/index.php\/impressum\/\" \/>\n<meta property=\"og:site_name\" content=\"ComBusiness\" \/>\n<meta property=\"article:modified_time\" content=\"2024-09-23T13:47:19+00:00\" \/>\n<meta name=\"twitter:card\" content=\"summary_large_image\" \/>\n<meta name=\"twitter:label1\" content=\"Gesch\u00e4tzte Lesezeit\" \/>\n\t<meta name=\"twitter:data1\" content=\"2\u00a0Minuten\" \/>\n<script type=\"application\/ld+json\" class=\"yoast-schema-graph\">{\"@context\":\"https:\/\/schema.org\",\"@graph\":[{\"@type\":\"WebPage\",\"@id\":\"https:\/\/www.combusiness.de\/index.php\/impressum\/\",\"url\":\"https:\/\/www.combusiness.de\/index.php\/impressum\/\",\"name\":\"Impressum - ComBusiness\",\"isPartOf\":{\"@id\":\"https:\/\/www.combusiness.de\/#website\"},\"datePublished\":\"2018-11-03T21:58:00+00:00\",\"dateModified\":\"2024-09-23T13:47:19+00:00\",\"breadcrumb\":{\"@id\":\"https:\/\/www.combusiness.de\/index.php\/impressum\/#breadcrumb\"},\"inLanguage\":\"de\",\"potentialAction\":[{\"@type\":\"ReadAction\",\"target\":[\"https:\/\/www.combusiness.de\/index.php\/impressum\/\"]}]},{\"@type\":\"BreadcrumbList\",\"@id\":\"https:\/\/www.combusiness.de\/index.php\/impressum\/#breadcrumb\",\"itemListElement\":[{\"@type\":\"ListItem\",\"position\":1,\"name\":\"Startseite\",\"item\":\"https:\/\/www.combusiness.de\/\"},{\"@type\":\"ListItem\",\"position\":2,\"name\":\"Impressum\"}]},{\"@type\":\"WebSite\",\"@id\":\"https:\/\/www.combusiness.de\/#website\",\"url\":\"https:\/\/www.combusiness.de\/\",\"name\":\"ComBusiness\",\"description\":\"Ihr Partner f\u00fcr Kommunikation\",\"publisher\":{\"@id\":\"https:\/\/www.combusiness.de\/#organization\"},\"potentialAction\":[{\"@type\":\"SearchAction\",\"target\":{\"@type\":\"EntryPoint\",\"urlTemplate\":\"https:\/\/www.combusiness.de\/?s={search_term_string}\"},\"query-input\":\"required name=search_term_string\"}],\"inLanguage\":\"de\"},{\"@type\":\"Organization\",\"@id\":\"https:\/\/www.combusiness.de\/#organization\",\"name\":\"ComBusiness\",\"url\":\"https:\/\/www.combusiness.de\/\",\"logo\":{\"@type\":\"ImageObject\",\"inLanguage\":\"de\",\"@id\":\"https:\/\/www.combusiness.de\/#\/schema\/logo\/image\/\",\"url\":\"https:\/\/www.combusiness.de\/wp-content\/uploads\/2018\/12\/Logo_ComBusiness-1.png\",\"contentUrl\":\"https:\/\/www.combusiness.de\/wp-content\/uploads\/2018\/12\/Logo_ComBusiness-1.png\",\"width\":493,\"height\":58,\"caption\":\"ComBusiness\"},\"image\":{\"@id\":\"https:\/\/www.combusiness.de\/#\/schema\/logo\/image\/\"}}]}<\/script>\n<!-- \/ Yoast SEO plugin. -->","yoast_head_json":{"title":"Impressum - ComBusiness","robots":{"index":"index","follow":"follow","max-snippet":"max-snippet:-1","max-image-preview":"max-image-preview:large","max-video-preview":"max-video-preview:-1"},"canonical":"https:\/\/www.combusiness.de\/index.php\/impressum\/","og_locale":"de_DE","og_type":"article","og_title":"Impressum - ComBusiness","og_description":"ComBusiness Service GbR | Barbara Str. 22 | 46047 OberhausenImpressum ComBusiness Service GbR Gernot Moll und Sebastian Tomazin Barbara Str. 22 46047 Oberhausen &nbsp; Tel: 0208-4519300 Fax: 0208-45193010 E-Mail: info@combusiness.de &nbsp; USt.ID-Nr.: DE 256 317 389 Finanzamt Oberhausen S\u00fcd &nbsp; Inhaltlich verantwortlich gem\u00e4\u00df \u00a7 5 Telemediengesetz: Gernot Moll &nbsp; Disclaimer\u00a0 Produkthaftung\u00a0 Die Informationen auf diesen [&hellip;]","og_url":"https:\/\/www.combusiness.de\/index.php\/impressum\/","og_site_name":"ComBusiness","article_modified_time":"2024-09-23T13:47:19+00:00","twitter_card":"summary_large_image","twitter_misc":{"Gesch\u00e4tzte Lesezeit":"2\u00a0Minuten"},"schema":{"@context":"https:\/\/schema.org","@graph":[{"@type":"WebPage","@id":"https:\/\/www.combusiness.de\/index.php\/impressum\/","url":"https:\/\/www.combusiness.de\/index.php\/impressum\/","name":"Impressum - ComBusiness","isPartOf":{"@id":"https:\/\/www.combusiness.de\/#website"},"datePublished":"2018-11-03T21:58:00+00:00","dateModified":"2024-09-23T13:47:19+00:00","breadcrumb":{"@id":"https:\/\/www.combusiness.de\/index.php\/impressum\/#breadcrumb"},"inLanguage":"de","potentialAction":[{"@type":"ReadAction","target":["https:\/\/www.combusiness.de\/index.php\/impressum\/"]}]},{"@type":"BreadcrumbList","@id":"https:\/\/www.combusiness.de\/index.php\/impressum\/#breadcrumb","itemListElement":[{"@type":"ListItem","position":1,"name":"Startseite","item":"https:\/\/www.combusiness.de\/"},{"@type":"ListItem","position":2,"name":"Impressum"}]},{"@type":"WebSite","@id":"https:\/\/www.combusiness.de\/#website","url":"https:\/\/www.combusiness.de\/","name":"ComBusiness","description":"Ihr Partner f\u00fcr Kommunikation","publisher":{"@id":"https:\/\/www.combusiness.de\/#organization"},"potentialAction":[{"@type":"SearchAction","target":{"@type":"EntryPoint","urlTemplate":"https:\/\/www.combusiness.de\/?s={search_term_string}"},"query-input":"required name=search_term_string"}],"inLanguage":"de"},{"@type":"Organization","@id":"https:\/\/www.combusiness.de\/#organization","name":"ComBusiness","url":"https:\/\/www.combusiness.de\/","logo":{"@type":"ImageObject","inLanguage":"de","@id":"https:\/\/www.combusiness.de\/#\/schema\/logo\/image\/","url":"https:\/\/www.combusiness.de\/wp-content\/uploads\/2018\/12\/Logo_ComBusiness-1.png","contentUrl":"https:\/\/www.combusiness.de\/wp-content\/uploads\/2018\/12\/Logo_ComBusiness-1.png","width":493,"height":58,"caption":"ComBusiness"},"image":{"@id":"https:\/\/www.combusiness.de\/#\/schema\/logo\/image\/"}}]}},"_links":{"self":[{"href":"https:\/\/www.combusiness.de\/index.php\/wp-json\/wp\/v2\/pages\/320"}],"collection":[{"href":"https:\/\/www.combusiness.de\/index.php\/wp-json\/wp\/v2\/pages"}],"about":[{"href":"https:\/\/www.combusiness.de\/index.php\/wp-json\/wp\/v2\/types\/page"}],"author":[{"embeddable":true,"href":"https:\/\/www.combusiness.de\/index.php\/wp-json\/wp\/v2\/users\/1"}],"replies":[{"embeddable":true,"href":"https:\/\/www.combusiness.de\/index.php\/wp-json\/wp\/v2\/comments?post=320"}],"version-history":[{"count":21,"href":"https:\/\/www.combusiness.de\/index.php\/wp-json\/wp\/v2\/pages\/320\/revisions"}],"predecessor-version":[{"id":2155,"href":"https:\/\/www.combusiness.de\/index.php\/wp-json\/wp\/v2\/pages\/320\/revisions\/2155"}],"wp:attachment":[{"href":"https:\/\/www.combusiness.de\/index.php\/wp-json\/wp\/v2\/media?parent=320"}],"curies":[{"name":"wp","href":"https:\/\/api.w.org\/{rel}","templated":true}]}}